{"id":17,"date":"2019-09-19T06:50:43","date_gmt":"2019-09-19T06:50:43","guid":{"rendered":"http:\/\/sudamericana.com.pe\/sudamericanav3\/?page_id=17"},"modified":"2026-03-25T09:33:25","modified_gmt":"2026-03-25T14:33:25","slug":"quienes-somos","status":"publish","type":"page","link":"http:\/\/sudamericana.com.pe\/sudamericanav3\/quienes-somos\/","title":{"rendered":"Qui\u00e9nes somos"},"content":{"rendered":"\t\t<div data-elementor-type=\"wp-page\" data-elementor-id=\"17\" class=\"elementor elementor-17\">\n\t\t\t\t\t\t<section class=\"elementor-section elementor-top-section elementor-element elementor-element-94319bc elementor-section-boxed elementor-section-height-default elementor-section-height-default\" data-id=\"94319bc\" data-element_type=\"section\">\n\t\t\t\t\t\t<div class=\"elementor-container elementor-column-gap-default\">\n\t\t\t\t\t<div class=\"elementor-column elementor-col-100 elementor-top-column elementor-element elementor-element-3d3ded9\" data-id=\"3d3ded9\" data-element_type=\"column\">\n\t\t\t<div class=\"elementor-widget-wrap elementor-element-populated\">\n\t\t\t\t\t\t<div class=\"elementor-element elementor-element-ab81160 elementor-widget elementor-widget-html\" data-id=\"ab81160\" data-element_type=\"widget\" data-widget_type=\"html.default\">\n\t\t\t\t<div class=\"elementor-widget-container\">\n\t\t\t\t\t<div id=\"metaslider-id-673\" style=\"width: 100%;\" class=\"ml-slider-3-27-8 metaslider metaslider-flex metaslider-673 ml-slider\">\n    <div id=\"metaslider_container_673\">\n        <div id=\"metaslider_673\" class=\"flexslider\">\n            <ul aria-live=\"polite\" class=\"slides\">\n                <li style=\"display: block; width: 100%;\" class=\"slide-690 ms-image\"><img fetchpriority=\"high\" decoding=\"async\" src=\"http:\/\/sudamericana.com.pe\/sudamericanav3\/wp-content\/uploads\/2019\/11\/slifoto01.jpg\" height=\"500\" width=\"1920\" alt=\"\" class=\"slider-673 slide-690\" \/><\/li>\n                <li style=\"display: none; width: 100%;\" class=\"slide-691 ms-image\"><img decoding=\"async\" src=\"http:\/\/sudamericana.com.pe\/sudamericanav3\/wp-content\/uploads\/2019\/11\/slifoto02.jpg\" height=\"500\" width=\"1920\" alt=\"\" class=\"slider-673 slide-691\" \/><\/li>\n                <li style=\"display: none; width: 100%;\" class=\"slide-692 ms-image\"><img decoding=\"async\" src=\"http:\/\/sudamericana.com.pe\/sudamericanav3\/wp-content\/uploads\/2019\/11\/slifoto03.jpg\" height=\"500\" width=\"1920\" alt=\"\" class=\"slider-673 slide-692\" \/><\/li>\n                <li style=\"display: none; width: 100%;\" class=\"slide-693 ms-image\"><img loading=\"lazy\" decoding=\"async\" src=\"http:\/\/sudamericana.com.pe\/sudamericanav3\/wp-content\/uploads\/2019\/11\/slifoto04.jpg\" height=\"500\" width=\"1920\" alt=\"\" class=\"slider-673 slide-693\" \/><\/li>\n            <\/ul>\n        <\/div>\n        \n    <\/div>\n<\/div>\t\t\t\t<\/div>\n\t\t\t\t<\/div>\n\t\t\t\t\t<\/div>\n\t\t<\/div>\n\t\t\t\t\t<\/div>\n\t\t<\/section>\n\t\t\t\t<section class=\"elementor-section elementor-top-section elementor-element elementor-element-6be9a03 elementor-section-boxed elementor-section-height-default elementor-section-height-default\" data-id=\"6be9a03\" data-element_type=\"section\">\n\t\t\t\t\t\t<div class=\"elementor-container elementor-column-gap-default\">\n\t\t\t\t\t<div class=\"elementor-column elementor-col-100 elementor-top-column elementor-element elementor-element-ff204ce\" data-id=\"ff204ce\" data-element_type=\"column\">\n\t\t\t<div class=\"elementor-widget-wrap elementor-element-populated\">\n\t\t\t\t\t\t<div class=\"elementor-element elementor-element-ab9b227 elementor-widget elementor-widget-heading\" data-id=\"ab9b227\" data-element_type=\"widget\" data-widget_type=\"heading.default\">\n\t\t\t\t<div class=\"elementor-widget-container\">\n\t\t\t\t\t<h2 class=\"elementor-heading-title elementor-size-default\">QUI\u00c9NES SOMOS<\/h2>\t\t\t\t<\/div>\n\t\t\t\t<\/div>\n\t\t\t\t\t<\/div>\n\t\t<\/div>\n\t\t\t\t\t<\/div>\n\t\t<\/section>\n\t\t\t\t<section class=\"elementor-section elementor-top-section elementor-element elementor-element-f8f3f01 elementor-section-boxed elementor-section-height-default elementor-section-height-default\" data-id=\"f8f3f01\" data-element_type=\"section\">\n\t\t\t\t\t\t<div class=\"elementor-container elementor-column-gap-default\">\n\t\t\t\t\t<div class=\"elementor-column elementor-col-100 elementor-top-column elementor-element elementor-element-9b322a1\" data-id=\"9b322a1\" data-element_type=\"column\">\n\t\t\t<div class=\"elementor-widget-wrap elementor-element-populated\">\n\t\t\t\t\t\t<div class=\"elementor-element elementor-element-a91c2ee elementor-widget elementor-widget-spacer\" data-id=\"a91c2ee\" data-element_type=\"widget\" data-widget_type=\"spacer.default\">\n\t\t\t\t<div class=\"elementor-widget-container\">\n\t\t\t\t\t\t\t<div class=\"elementor-spacer\">\n\t\t\t<div class=\"elementor-spacer-inner\"><\/div>\n\t\t<\/div>\n\t\t\t\t\t\t<\/div>\n\t\t\t\t<\/div>\n\t\t\t\t<section class=\"elementor-section elementor-inner-section elementor-element elementor-element-706ba62 elementor-section-boxed elementor-section-height-default elementor-section-height-default\" data-id=\"706ba62\" data-element_type=\"section\">\n\t\t\t\t\t\t<div class=\"elementor-container elementor-column-gap-default\">\n\t\t\t\t\t<div class=\"elementor-column elementor-col-50 elementor-inner-column elementor-element elementor-element-549e5d7\" data-id=\"549e5d7\" data-element_type=\"column\">\n\t\t\t<div class=\"elementor-widget-wrap elementor-element-populated\">\n\t\t\t\t\t\t<div class=\"elementor-element elementor-element-ede8126 elementor-widget__width-initial elementor-widget elementor-widget-image\" data-id=\"ede8126\" data-element_type=\"widget\" data-widget_type=\"image.default\">\n\t\t\t\t<div class=\"elementor-widget-container\">\n\t\t\t\t\t\t\t\t\t\t\t\t<figure class=\"wp-caption\">\n\t\t\t\t\t\t\t\t\t\t<img loading=\"lazy\" decoding=\"async\" width=\"843\" height=\"484\" src=\"http:\/\/sudamericana.com.pe\/sudamericanav3\/wp-content\/uploads\/2026\/03\/Captura-de-pantalla-2026-02-12-110337-e1774449144215-1024x588.png\" class=\"attachment-large size-large wp-image-2244\" alt=\"\" srcset=\"http:\/\/sudamericana.com.pe\/sudamericanav3\/wp-content\/uploads\/2026\/03\/Captura-de-pantalla-2026-02-12-110337-e1774449144215-1024x588.png 1024w, http:\/\/sudamericana.com.pe\/sudamericanav3\/wp-content\/uploads\/2026\/03\/Captura-de-pantalla-2026-02-12-110337-e1774449144215-300x172.png 300w, http:\/\/sudamericana.com.pe\/sudamericanav3\/wp-content\/uploads\/2026\/03\/Captura-de-pantalla-2026-02-12-110337-e1774449144215-768x441.png 768w, http:\/\/sudamericana.com.pe\/sudamericanav3\/wp-content\/uploads\/2026\/03\/Captura-de-pantalla-2026-02-12-110337-e1774449144215-1536x882.png 1536w, http:\/\/sudamericana.com.pe\/sudamericanav3\/wp-content\/uploads\/2026\/03\/Captura-de-pantalla-2026-02-12-110337-e1774449144215.png 1775w\" sizes=\"(max-width: 843px) 100vw, 843px\" \/>\t\t\t\t\t\t\t\t\t\t\t<figcaption class=\"widget-image-caption wp-caption-text\"><\/figcaption>\n\t\t\t\t\t\t\t\t\t\t<\/figure>\n\t\t\t\t\t\t\t\t\t<\/div>\n\t\t\t\t<\/div>\n\t\t\t\t\t<\/div>\n\t\t<\/div>\n\t\t\t\t<div class=\"elementor-column elementor-col-50 elementor-inner-column elementor-element elementor-element-22d3bee\" data-id=\"22d3bee\" data-element_type=\"column\">\n\t\t\t<div class=\"elementor-widget-wrap elementor-element-populated\">\n\t\t\t\t\t\t<div class=\"elementor-element elementor-element-8193254 elementor-widget__width-initial elementor-widget elementor-widget-text-editor\" data-id=\"8193254\" data-element_type=\"widget\" data-widget_type=\"text-editor.default\">\n\t\t\t\t<div class=\"elementor-widget-container\">\n\t\t\t\t\t\t\t\t\t<h3 style=\"text-align: left;\"><em><span style=\"color: #000080;\">Somos<\/span><\/em><br \/><strong><span style=\"color: #000080;\">Sudamericana de Rodamientos S.A.C\u00a0<\/span><\/strong><\/h3><p style=\"text-align: left;\" data-start=\"86\" data-end=\"285\"><span style=\"color: #000000;\">Una empresa dedicada a la importaci\u00f3n, distribuci\u00f3n y comercializaci\u00f3n de rodamientos y productos afines de marcas l\u00edderes, cumpliendo con los m\u00e1s altos est\u00e1ndares de calidad internacional.<\/span><\/p><p style=\"text-align: left;\" data-start=\"287\" data-end=\"461\"><span style=\"color: #000000;\">Ofrecemos soluciones innovadoras para los sectores industrial y automotriz, adaptadas a las necesidades de cada cliente, con cobertura en Lima y a nivel nacional.<\/span><\/p>\t\t\t\t\t\t\t\t<\/div>\n\t\t\t\t<\/div>\n\t\t\t\t\t<\/div>\n\t\t<\/div>\n\t\t\t\t\t<\/div>\n\t\t<\/section>\n\t\t\t\t<div class=\"elementor-element elementor-element-964f418 elementor-widget elementor-widget-spacer\" data-id=\"964f418\" data-element_type=\"widget\" data-widget_type=\"spacer.default\">\n\t\t\t\t<div class=\"elementor-widget-container\">\n\t\t\t\t\t\t\t<div class=\"elementor-spacer\">\n\t\t\t<div class=\"elementor-spacer-inner\"><\/div>\n\t\t<\/div>\n\t\t\t\t\t\t<\/div>\n\t\t\t\t<\/div>\n\t\t\t\t\t<\/div>\n\t\t<\/div>\n\t\t\t\t\t<\/div>\n\t\t<\/section>\n\t\t\t\t<section class=\"elementor-section elementor-top-section elementor-element elementor-element-76c7629 elementor-section-boxed elementor-section-height-default elementor-section-height-default\" data-id=\"76c7629\" data-element_type=\"section\">\n\t\t\t\t\t\t<div class=\"elementor-container elementor-column-gap-default\">\n\t\t\t\t\t<div class=\"elementor-column elementor-col-33 elementor-top-column elementor-element elementor-element-a3c8bfa\" data-id=\"a3c8bfa\" data-element_type=\"column\">\n\t\t\t<div class=\"elementor-widget-wrap elementor-element-populated\">\n\t\t\t\t\t\t<div class=\"elementor-element elementor-element-298519b elementor-widget elementor-widget-image\" data-id=\"298519b\" data-element_type=\"widget\" data-widget_type=\"image.default\">\n\t\t\t\t<div class=\"elementor-widget-container\">\n\t\t\t\t\t\t\t\t\t\t\t\t\t\t\t<img loading=\"lazy\" decoding=\"async\" width=\"537\" height=\"531\" src=\"http:\/\/sudamericana.com.pe\/sudamericanav3\/wp-content\/uploads\/2025\/09\/Captura-de-pantalla-2025-09-22-170917.png\" class=\"attachment-large size-large wp-image-1423\" alt=\"\" srcset=\"http:\/\/sudamericana.com.pe\/sudamericanav3\/wp-content\/uploads\/2025\/09\/Captura-de-pantalla-2025-09-22-170917.png 537w, http:\/\/sudamericana.com.pe\/sudamericanav3\/wp-content\/uploads\/2025\/09\/Captura-de-pantalla-2025-09-22-170917-300x297.png 300w\" sizes=\"(max-width: 537px) 100vw, 537px\" \/>\t\t\t\t\t\t\t\t\t\t\t\t\t\t\t<\/div>\n\t\t\t\t<\/div>\n\t\t\t\t\t<\/div>\n\t\t<\/div>\n\t\t\t\t<div class=\"elementor-column elementor-col-33 elementor-top-column elementor-element elementor-element-febce00\" data-id=\"febce00\" data-element_type=\"column\">\n\t\t\t<div class=\"elementor-widget-wrap elementor-element-populated\">\n\t\t\t\t\t\t<div class=\"elementor-element elementor-element-337984a elementor-widget elementor-widget-image\" data-id=\"337984a\" data-element_type=\"widget\" data-widget_type=\"image.default\">\n\t\t\t\t<div class=\"elementor-widget-container\">\n\t\t\t\t\t\t\t\t\t\t\t\t\t\t\t<img loading=\"lazy\" decoding=\"async\" width=\"536\" height=\"529\" src=\"http:\/\/sudamericana.com.pe\/sudamericanav3\/wp-content\/uploads\/2025\/09\/Captura-de-pantalla-2025-09-22-170950.png\" class=\"attachment-large size-large wp-image-1424\" alt=\"\" srcset=\"http:\/\/sudamericana.com.pe\/sudamericanav3\/wp-content\/uploads\/2025\/09\/Captura-de-pantalla-2025-09-22-170950.png 536w, http:\/\/sudamericana.com.pe\/sudamericanav3\/wp-content\/uploads\/2025\/09\/Captura-de-pantalla-2025-09-22-170950-300x296.png 300w\" sizes=\"(max-width: 536px) 100vw, 536px\" \/>\t\t\t\t\t\t\t\t\t\t\t\t\t\t\t<\/div>\n\t\t\t\t<\/div>\n\t\t\t\t\t<\/div>\n\t\t<\/div>\n\t\t\t\t<div class=\"elementor-column elementor-col-33 elementor-top-column elementor-element elementor-element-8253f3d\" data-id=\"8253f3d\" data-element_type=\"column\">\n\t\t\t<div class=\"elementor-widget-wrap elementor-element-populated\">\n\t\t\t\t\t\t<div class=\"elementor-element elementor-element-756f4ac elementor-widget elementor-widget-image\" data-id=\"756f4ac\" data-element_type=\"widget\" data-widget_type=\"image.default\">\n\t\t\t\t<div class=\"elementor-widget-container\">\n\t\t\t\t\t\t\t\t\t\t\t\t\t\t\t<img loading=\"lazy\" decoding=\"async\" width=\"456\" height=\"451\" src=\"http:\/\/sudamericana.com.pe\/sudamericanav3\/wp-content\/uploads\/2025\/09\/Captura-de-pantalla-2025-09-24-143653.png\" class=\"attachment-large size-large wp-image-1433\" alt=\"\" srcset=\"http:\/\/sudamericana.com.pe\/sudamericanav3\/wp-content\/uploads\/2025\/09\/Captura-de-pantalla-2025-09-24-143653.png 456w, http:\/\/sudamericana.com.pe\/sudamericanav3\/wp-content\/uploads\/2025\/09\/Captura-de-pantalla-2025-09-24-143653-300x297.png 300w\" sizes=\"(max-width: 456px) 100vw, 456px\" \/>\t\t\t\t\t\t\t\t\t\t\t\t\t\t\t<\/div>\n\t\t\t\t<\/div>\n\t\t\t\t\t<\/div>\n\t\t<\/div>\n\t\t\t\t\t<\/div>\n\t\t<\/section>\n\t\t\t\t<section class=\"elementor-section elementor-top-section elementor-element elementor-element-af8cdac elementor-section-boxed elementor-section-height-default elementor-section-height-default\" data-id=\"af8cdac\" data-element_type=\"section\">\n\t\t\t\t\t\t<div class=\"elementor-container elementor-column-gap-default\">\n\t\t\t\t\t<div class=\"elementor-column elementor-col-100 elementor-top-column elementor-element elementor-element-5e920fc\" data-id=\"5e920fc\" data-element_type=\"column\">\n\t\t\t<div class=\"elementor-widget-wrap elementor-element-populated\">\n\t\t\t\t\t\t<div class=\"elementor-element elementor-element-9380094 elementor-widget elementor-widget-spacer\" data-id=\"9380094\" data-element_type=\"widget\" data-widget_type=\"spacer.default\">\n\t\t\t\t<div class=\"elementor-widget-container\">\n\t\t\t\t\t\t\t<div class=\"elementor-spacer\">\n\t\t\t<div class=\"elementor-spacer-inner\"><\/div>\n\t\t<\/div>\n\t\t\t\t\t\t<\/div>\n\t\t\t\t<\/div>\n\t\t\t\t\t<\/div>\n\t\t<\/div>\n\t\t\t\t\t<\/div>\n\t\t<\/section>\n\t\t\t\t<section class=\"elementor-section elementor-top-section elementor-element elementor-element-ac22aee elementor-section-boxed elementor-section-height-default elementor-section-height-default\" data-id=\"ac22aee\" data-element_type=\"section\">\n\t\t\t\t\t\t<div class=\"elementor-container elementor-column-gap-default\">\n\t\t\t\t\t<div class=\"elementor-column elementor-col-100 elementor-top-column elementor-element elementor-element-e6aa34a\" data-id=\"e6aa34a\" data-element_type=\"column\">\n\t\t\t<div class=\"elementor-widget-wrap elementor-element-populated\">\n\t\t\t\t\t\t<div class=\"elementor-element elementor-element-eacf554 elementor-widget elementor-widget-video\" data-id=\"eacf554\" data-element_type=\"widget\" data-settings=\"{&quot;youtube_url&quot;:&quot;https:\\\/\\\/www.youtube.com\\\/watch?v=L7qStyKBK8M&amp;t=1s&quot;,&quot;video_type&quot;:&quot;youtube&quot;,&quot;controls&quot;:&quot;yes&quot;}\" data-widget_type=\"video.default\">\n\t\t\t\t<div class=\"elementor-widget-container\">\n\t\t\t\t\t\t\t<div class=\"elementor-wrapper elementor-open-inline\">\n\t\t\t<div class=\"elementor-video\"><\/div>\t\t<\/div>\n\t\t\t\t\t\t<\/div>\n\t\t\t\t<\/div>\n\t\t\t\t\t<\/div>\n\t\t<\/div>\n\t\t\t\t\t<\/div>\n\t\t<\/section>\n\t\t\t\t<\/div>\n\t\t","protected":false},"excerpt":{"rendered":"<p>QUI\u00c9NES SOMOS SomosSudamericana de Rodamientos S.A.C\u00a0 Una empresa dedicada a la importaci\u00f3n, distribuci\u00f3n y comercializaci\u00f3n de rodamientos y productos afines de marcas l\u00edderes, cumpliendo con&hellip;<\/p>\n","protected":false},"author":1,"featured_media":0,"parent":0,"menu_order":0,"comment_status":"closed","ping_status":"closed","template":"","meta":{"om_disable_all_campaigns":false,"_monsterinsights_skip_tracking":false,"_monsterinsights_sitenote_active":false,"_monsterinsights_sitenote_note":"","_monsterinsights_sitenote_category":0,"ngg_post_thumbnail":0,"_joinchat":[],"footnotes":""},"class_list":["post-17","page","type-page","status-publish","hentry"],"yoast_head":"<!-- This site is optimized with the Yoast SEO plugin v19.5.1 - https:\/\/yoast.com\/wordpress\/plugins\/seo\/ -->\n<title>Qui\u00e9nes somos - Sudamericana de Rodamientos S.A.C.<\/title>\n<meta name=\"robots\" content=\"index, follow, max-snippet:-1, max-image-preview:large, max-video-preview:-1\" \/>\n<link rel=\"canonical\" href=\"https:\/\/sudamericana.com.pe\/sudamericanav3\/quienes-somos\/\" \/>\n<meta property=\"og:locale\" content=\"es_ES\" \/>\n<meta property=\"og:type\" content=\"article\" \/>\n<meta property=\"og:title\" content=\"Qui\u00e9nes somos - Sudamericana de Rodamientos S.A.C.\" \/>\n<meta property=\"og:description\" content=\"QUI\u00c9NES SOMOS SomosSudamericana de Rodamientos S.A.C\u00a0 Una empresa dedicada a la importaci\u00f3n, distribuci\u00f3n y comercializaci\u00f3n de rodamientos y productos afines de marcas l\u00edderes, cumpliendo con&hellip;\" \/>\n<meta property=\"og:url\" content=\"https:\/\/sudamericana.com.pe\/sudamericanav3\/quienes-somos\/\" \/>\n<meta property=\"og:site_name\" content=\"Sudamericana de Rodamientos S.A.C.\" \/>\n<meta property=\"article:publisher\" content=\"https:\/\/www.facebook.com\/a1111323232\" \/>\n<meta property=\"article:modified_time\" content=\"2026-03-25T14:33:25+00:00\" \/>\n<meta property=\"og:image\" content=\"http:\/\/sudamericana.com.pe\/sudamericanav3\/wp-content\/uploads\/2026\/03\/Captura-de-pantalla-2026-02-12-110337-e1774449144215-1024x588.png\" \/>\n<meta name=\"twitter:card\" content=\"summary_large_image\" \/>\n<meta name=\"twitter:label1\" content=\"Est. reading time\" \/>\n\t<meta name=\"twitter:data1\" content=\"2 minutos\" \/>\n<script type=\"application\/ld+json\" class=\"yoast-schema-graph\">{\"@context\":\"https:\/\/schema.org\",\"@graph\":[{\"@type\":\"WebPage\",\"@id\":\"https:\/\/sudamericana.com.pe\/sudamericanav3\/quienes-somos\/\",\"url\":\"https:\/\/sudamericana.com.pe\/sudamericanav3\/quienes-somos\/\",\"name\":\"Qui\u00e9nes somos - Sudamericana de Rodamientos S.A.C.\",\"isPartOf\":{\"@id\":\"http:\/\/sudamericana.com.pe\/sudamericanav3\/#website\"},\"datePublished\":\"2019-09-19T06:50:43+00:00\",\"dateModified\":\"2026-03-25T14:33:25+00:00\",\"breadcrumb\":{\"@id\":\"https:\/\/sudamericana.com.pe\/sudamericanav3\/quienes-somos\/#breadcrumb\"},\"inLanguage\":\"es-PE\",\"potentialAction\":[{\"@type\":\"ReadAction\",\"target\":[\"https:\/\/sudamericana.com.pe\/sudamericanav3\/quienes-somos\/\"]}]},{\"@type\":\"BreadcrumbList\",\"@id\":\"https:\/\/sudamericana.com.pe\/sudamericanav3\/quienes-somos\/#breadcrumb\",\"itemListElement\":[{\"@type\":\"ListItem\",\"position\":1,\"name\":\"Portada\",\"item\":\"http:\/\/sudamericana.com.pe\/sudamericanav3\/\"},{\"@type\":\"ListItem\",\"position\":2,\"name\":\"Qui\u00e9nes somos\"}]},{\"@type\":\"WebSite\",\"@id\":\"http:\/\/sudamericana.com.pe\/sudamericanav3\/#website\",\"url\":\"http:\/\/sudamericana.com.pe\/sudamericanav3\/\",\"name\":\"Sudamericana de Rodamientos S.A.C.\",\"description\":\"Importadora y Distribuidora de Rodamientos\",\"publisher\":{\"@id\":\"http:\/\/sudamericana.com.pe\/sudamericanav3\/#organization\"},\"potentialAction\":[{\"@type\":\"SearchAction\",\"target\":{\"@type\":\"EntryPoint\",\"urlTemplate\":\"http:\/\/sudamericana.com.pe\/sudamericanav3\/?s={search_term_string}\"},\"query-input\":\"required name=search_term_string\"}],\"inLanguage\":\"es-PE\"},{\"@type\":\"Organization\",\"@id\":\"http:\/\/sudamericana.com.pe\/sudamericanav3\/#organization\",\"name\":\"Sudamericana de Rodamientos\",\"url\":\"http:\/\/sudamericana.com.pe\/sudamericanav3\/\",\"sameAs\":[\"https:\/\/www.facebook.com\/a1111323232\"],\"logo\":{\"@type\":\"ImageObject\",\"inLanguage\":\"es-PE\",\"@id\":\"http:\/\/sudamericana.com.pe\/sudamericanav3\/#\/schema\/logo\/image\/\",\"url\":\"http:\/\/sudamericana.com.pe\/sudamericanav3\/wp-content\/uploads\/2019\/09\/logo-e1593742988920.png\",\"contentUrl\":\"http:\/\/sudamericana.com.pe\/sudamericanav3\/wp-content\/uploads\/2019\/09\/logo-e1593742988920.png\",\"width\":642,\"height\":216,\"caption\":\"Sudamericana de Rodamientos\"},\"image\":{\"@id\":\"http:\/\/sudamericana.com.pe\/sudamericanav3\/#\/schema\/logo\/image\/\"}}]}<\/script>\n<!-- \/ Yoast SEO plugin. -->","yoast_head_json":{"title":"Qui\u00e9nes somos - Sudamericana de Rodamientos S.A.C.","robots":{"index":"index","follow":"follow","max-snippet":"max-snippet:-1","max-image-preview":"max-image-preview:large","max-video-preview":"max-video-preview:-1"},"canonical":"https:\/\/sudamericana.com.pe\/sudamericanav3\/quienes-somos\/","og_locale":"es_ES","og_type":"article","og_title":"Qui\u00e9nes somos - Sudamericana de Rodamientos S.A.C.","og_description":"QUI\u00c9NES SOMOS SomosSudamericana de Rodamientos S.A.C\u00a0 Una empresa dedicada a la importaci\u00f3n, distribuci\u00f3n y comercializaci\u00f3n de rodamientos y productos afines de marcas l\u00edderes, cumpliendo con&hellip;","og_url":"https:\/\/sudamericana.com.pe\/sudamericanav3\/quienes-somos\/","og_site_name":"Sudamericana de Rodamientos S.A.C.","article_publisher":"https:\/\/www.facebook.com\/a1111323232","article_modified_time":"2026-03-25T14:33:25+00:00","og_image":[{"url":"http:\/\/sudamericana.com.pe\/sudamericanav3\/wp-content\/uploads\/2026\/03\/Captura-de-pantalla-2026-02-12-110337-e1774449144215-1024x588.png"}],"twitter_card":"summary_large_image","twitter_misc":{"Est. reading time":"2 minutos"},"schema":{"@context":"https:\/\/schema.org","@graph":[{"@type":"WebPage","@id":"https:\/\/sudamericana.com.pe\/sudamericanav3\/quienes-somos\/","url":"https:\/\/sudamericana.com.pe\/sudamericanav3\/quienes-somos\/","name":"Qui\u00e9nes somos - Sudamericana de Rodamientos S.A.C.","isPartOf":{"@id":"http:\/\/sudamericana.com.pe\/sudamericanav3\/#website"},"datePublished":"2019-09-19T06:50:43+00:00","dateModified":"2026-03-25T14:33:25+00:00","breadcrumb":{"@id":"https:\/\/sudamericana.com.pe\/sudamericanav3\/quienes-somos\/#breadcrumb"},"inLanguage":"es-PE","potentialAction":[{"@type":"ReadAction","target":["https:\/\/sudamericana.com.pe\/sudamericanav3\/quienes-somos\/"]}]},{"@type":"BreadcrumbList","@id":"https:\/\/sudamericana.com.pe\/sudamericanav3\/quienes-somos\/#breadcrumb","itemListElement":[{"@type":"ListItem","position":1,"name":"Portada","item":"http:\/\/sudamericana.com.pe\/sudamericanav3\/"},{"@type":"ListItem","position":2,"name":"Qui\u00e9nes somos"}]},{"@type":"WebSite","@id":"http:\/\/sudamericana.com.pe\/sudamericanav3\/#website","url":"http:\/\/sudamericana.com.pe\/sudamericanav3\/","name":"Sudamericana de Rodamientos S.A.C.","description":"Importadora y Distribuidora de Rodamientos","publisher":{"@id":"http:\/\/sudamericana.com.pe\/sudamericanav3\/#organization"},"potentialAction":[{"@type":"SearchAction","target":{"@type":"EntryPoint","urlTemplate":"http:\/\/sudamericana.com.pe\/sudamericanav3\/?s={search_term_string}"},"query-input":"required name=search_term_string"}],"inLanguage":"es-PE"},{"@type":"Organization","@id":"http:\/\/sudamericana.com.pe\/sudamericanav3\/#organization","name":"Sudamericana de Rodamientos","url":"http:\/\/sudamericana.com.pe\/sudamericanav3\/","sameAs":["https:\/\/www.facebook.com\/a1111323232"],"logo":{"@type":"ImageObject","inLanguage":"es-PE","@id":"http:\/\/sudamericana.com.pe\/sudamericanav3\/#\/schema\/logo\/image\/","url":"http:\/\/sudamericana.com.pe\/sudamericanav3\/wp-content\/uploads\/2019\/09\/logo-e1593742988920.png","contentUrl":"http:\/\/sudamericana.com.pe\/sudamericanav3\/wp-content\/uploads\/2019\/09\/logo-e1593742988920.png","width":642,"height":216,"caption":"Sudamericana de Rodamientos"},"image":{"@id":"http:\/\/sudamericana.com.pe\/sudamericanav3\/#\/schema\/logo\/image\/"}}]}},"_links":{"self":[{"href":"http:\/\/sudamericana.com.pe\/sudamericanav3\/wp-json\/wp\/v2\/pages\/17","targetHints":{"allow":["GET"]}}],"collection":[{"href":"http:\/\/sudamericana.com.pe\/sudamericanav3\/wp-json\/wp\/v2\/pages"}],"about":[{"href":"http:\/\/sudamericana.com.pe\/sudamericanav3\/wp-json\/wp\/v2\/types\/page"}],"author":[{"embeddable":true,"href":"http:\/\/sudamericana.com.pe\/sudamericanav3\/wp-json\/wp\/v2\/users\/1"}],"replies":[{"embeddable":true,"href":"http:\/\/sudamericana.com.pe\/sudamericanav3\/wp-json\/wp\/v2\/comments?post=17"}],"version-history":[{"count":5,"href":"http:\/\/sudamericana.com.pe\/sudamericanav3\/wp-json\/wp\/v2\/pages\/17\/revisions"}],"predecessor-version":[{"id":2247,"href":"http:\/\/sudamericana.com.pe\/sudamericanav3\/wp-json\/wp\/v2\/pages\/17\/revisions\/2247"}],"wp:attachment":[{"href":"http:\/\/sudamericana.com.pe\/sudamericanav3\/wp-json\/wp\/v2\/media?parent=17"}],"curies":[{"name":"wp","href":"https:\/\/api.w.org\/{rel}","templated":true}]}}