{"id":176,"date":"2019-09-20T18:10:38","date_gmt":"2019-09-20T18:10:38","guid":{"rendered":"http:\/\/sudamericana.com.pe\/sudamericanav3\/?page_id=176"},"modified":"2025-11-20T14:55:58","modified_gmt":"2025-11-20T19:55:58","slug":"transmision-de-potencia","status":"publish","type":"page","link":"http:\/\/sudamericana.com.pe\/sudamericanav3\/transmision-de-potencia\/","title":{"rendered":"Cadena de transmisi\u00f3n"},"content":{"rendered":"\t\t<div data-elementor-type=\"wp-page\" data-elementor-id=\"176\" class=\"elementor elementor-176\">\n\t\t\t\t\t\t<section class=\"elementor-section elementor-top-section elementor-element elementor-element-6abdd9b elementor-section-boxed elementor-section-height-default elementor-section-height-default\" data-id=\"6abdd9b\" data-element_type=\"section\">\n\t\t\t\t\t\t<div class=\"elementor-container elementor-column-gap-default\">\n\t\t\t\t\t<div class=\"elementor-column elementor-col-100 elementor-top-column elementor-element elementor-element-c5ad1e1\" data-id=\"c5ad1e1\" data-element_type=\"column\">\n\t\t\t<div class=\"elementor-widget-wrap elementor-element-populated\">\n\t\t\t\t\t\t<div class=\"elementor-element elementor-element-34c79ec elementor-widget elementor-widget-image\" data-id=\"34c79ec\" data-element_type=\"widget\" data-widget_type=\"image.default\">\n\t\t\t\t<div class=\"elementor-widget-container\">\n\t\t\t\t\t\t\t\t\t\t\t\t\t\t\t<img fetchpriority=\"high\" decoding=\"async\" width=\"843\" height=\"220\" src=\"http:\/\/sudamericana.com.pe\/sudamericanav3\/wp-content\/uploads\/2025\/11\/Somos-importadores-y-distribuidores-oficiales-de-las-marcas-lideres-a-nivel-mundial.-47-1024x267.png\" class=\"attachment-large size-large wp-image-1857\" alt=\"\" srcset=\"http:\/\/sudamericana.com.pe\/sudamericanav3\/wp-content\/uploads\/2025\/11\/Somos-importadores-y-distribuidores-oficiales-de-las-marcas-lideres-a-nivel-mundial.-47-1024x267.png 1024w, http:\/\/sudamericana.com.pe\/sudamericanav3\/wp-content\/uploads\/2025\/11\/Somos-importadores-y-distribuidores-oficiales-de-las-marcas-lideres-a-nivel-mundial.-47-300x78.png 300w, http:\/\/sudamericana.com.pe\/sudamericanav3\/wp-content\/uploads\/2025\/11\/Somos-importadores-y-distribuidores-oficiales-de-las-marcas-lideres-a-nivel-mundial.-47-768x200.png 768w, http:\/\/sudamericana.com.pe\/sudamericanav3\/wp-content\/uploads\/2025\/11\/Somos-importadores-y-distribuidores-oficiales-de-las-marcas-lideres-a-nivel-mundial.-47-1536x400.png 1536w, http:\/\/sudamericana.com.pe\/sudamericanav3\/wp-content\/uploads\/2025\/11\/Somos-importadores-y-distribuidores-oficiales-de-las-marcas-lideres-a-nivel-mundial.-47.png 1920w\" sizes=\"(max-width: 843px) 100vw, 843px\" \/>\t\t\t\t\t\t\t\t\t\t\t\t\t\t\t<\/div>\n\t\t\t\t<\/div>\n\t\t\t\t<div class=\"elementor-element elementor-element-b3e54b1 elementor-widget elementor-widget-spacer\" data-id=\"b3e54b1\" data-element_type=\"widget\" data-widget_type=\"spacer.default\">\n\t\t\t\t<div class=\"elementor-widget-container\">\n\t\t\t\t\t\t\t<div class=\"elementor-spacer\">\n\t\t\t<div class=\"elementor-spacer-inner\"><\/div>\n\t\t<\/div>\n\t\t\t\t\t\t<\/div>\n\t\t\t\t<\/div>\n\t\t\t\t\t<\/div>\n\t\t<\/div>\n\t\t\t\t\t<\/div>\n\t\t<\/section>\n\t\t\t\t<section class=\"elementor-section elementor-top-section elementor-element elementor-element-d9489ca elementor-section-boxed elementor-section-height-default elementor-section-height-default\" data-id=\"d9489ca\" data-element_type=\"section\">\n\t\t\t\t\t\t<div class=\"elementor-container elementor-column-gap-default\">\n\t\t\t\t\t<div class=\"elementor-column elementor-col-50 elementor-top-column elementor-element elementor-element-78704df\" data-id=\"78704df\" data-element_type=\"column\">\n\t\t\t<div class=\"elementor-widget-wrap elementor-element-populated\">\n\t\t\t\t\t\t<div class=\"elementor-element elementor-element-778fe81 elementor-widget elementor-widget-image\" data-id=\"778fe81\" data-element_type=\"widget\" data-widget_type=\"image.default\">\n\t\t\t\t<div class=\"elementor-widget-container\">\n\t\t\t\t\t\t\t\t\t\t\t\t\t\t\t<img decoding=\"async\" width=\"300\" height=\"161\" src=\"http:\/\/sudamericana.com.pe\/sudamericanav3\/wp-content\/uploads\/2025\/11\/PINONES-e1762624504488-300x161.jpg\" class=\"attachment-medium size-medium wp-image-1863\" alt=\"\" srcset=\"http:\/\/sudamericana.com.pe\/sudamericanav3\/wp-content\/uploads\/2025\/11\/PINONES-e1762624504488-300x161.jpg 300w, http:\/\/sudamericana.com.pe\/sudamericanav3\/wp-content\/uploads\/2025\/11\/PINONES-e1762624504488-1024x550.jpg 1024w, http:\/\/sudamericana.com.pe\/sudamericanav3\/wp-content\/uploads\/2025\/11\/PINONES-e1762624504488-768x413.jpg 768w, http:\/\/sudamericana.com.pe\/sudamericanav3\/wp-content\/uploads\/2025\/11\/PINONES-e1762624504488-1536x826.jpg 1536w, http:\/\/sudamericana.com.pe\/sudamericanav3\/wp-content\/uploads\/2025\/11\/PINONES-e1762624504488.jpg 1600w\" sizes=\"(max-width: 300px) 100vw, 300px\" \/>\t\t\t\t\t\t\t\t\t\t\t\t\t\t\t<\/div>\n\t\t\t\t<\/div>\n\t\t\t\t<div class=\"elementor-element elementor-element-6ba747f elementor-widget elementor-widget-text-editor\" data-id=\"6ba747f\" data-element_type=\"widget\" data-widget_type=\"text-editor.default\">\n\t\t\t\t<div class=\"elementor-widget-container\">\n\t\t\t\t\t\t\t\t\t<p style=\"text-align: center;\"><span style=\"color: #333333; font-weight: bolder;\">Pi\u00f1ones<\/span><\/p>\t\t\t\t\t\t\t\t<\/div>\n\t\t\t\t<\/div>\n\t\t\t\t\t<\/div>\n\t\t<\/div>\n\t\t\t\t<div class=\"elementor-column elementor-col-50 elementor-top-column elementor-element elementor-element-4f97aac\" data-id=\"4f97aac\" data-element_type=\"column\">\n\t\t\t<div class=\"elementor-widget-wrap elementor-element-populated\">\n\t\t\t\t\t\t<div class=\"elementor-element elementor-element-2ff6069 elementor-widget elementor-widget-image\" data-id=\"2ff6069\" data-element_type=\"widget\" data-settings=\"{&quot;_animation&quot;:&quot;none&quot;}\" data-widget_type=\"image.default\">\n\t\t\t\t<div class=\"elementor-widget-container\">\n\t\t\t\t\t\t\t\t\t\t\t\t\t\t\t<img decoding=\"async\" width=\"300\" height=\"161\" src=\"http:\/\/sudamericana.com.pe\/sudamericanav3\/wp-content\/uploads\/2025\/11\/8Agosto-Cadenas-de-transmision-e1762624700513-300x161.jpg\" class=\"attachment-medium size-medium wp-image-1864\" alt=\"\" srcset=\"http:\/\/sudamericana.com.pe\/sudamericanav3\/wp-content\/uploads\/2025\/11\/8Agosto-Cadenas-de-transmision-e1762624700513-300x161.jpg 300w, http:\/\/sudamericana.com.pe\/sudamericanav3\/wp-content\/uploads\/2025\/11\/8Agosto-Cadenas-de-transmision-e1762624700513-1024x550.jpg 1024w, http:\/\/sudamericana.com.pe\/sudamericanav3\/wp-content\/uploads\/2025\/11\/8Agosto-Cadenas-de-transmision-e1762624700513-768x412.jpg 768w, http:\/\/sudamericana.com.pe\/sudamericanav3\/wp-content\/uploads\/2025\/11\/8Agosto-Cadenas-de-transmision-e1762624700513.jpg 1300w\" sizes=\"(max-width: 300px) 100vw, 300px\" \/>\t\t\t\t\t\t\t\t\t\t\t\t\t\t\t<\/div>\n\t\t\t\t<\/div>\n\t\t\t\t<div class=\"elementor-element elementor-element-b661d72 elementor-widget elementor-widget-text-editor\" data-id=\"b661d72\" data-element_type=\"widget\" data-widget_type=\"text-editor.default\">\n\t\t\t\t<div class=\"elementor-widget-container\">\n\t\t\t\t\t\t\t\t\t<p style=\"text-align: center;\"><span style=\"color: #333333;\"><strong><span lang=\"ES-PE\">Cadena de transmisi\u00f3n<\/span><\/strong><\/span><\/p>\t\t\t\t\t\t\t\t<\/div>\n\t\t\t\t<\/div>\n\t\t\t\t\t<\/div>\n\t\t<\/div>\n\t\t\t\t\t<\/div>\n\t\t<\/section>\n\t\t\t\t<section class=\"elementor-section elementor-top-section elementor-element elementor-element-9f7ef58 elementor-section-boxed elementor-section-height-default elementor-section-height-default\" data-id=\"9f7ef58\" data-element_type=\"section\">\n\t\t\t\t\t\t<div class=\"elementor-container elementor-column-gap-default\">\n\t\t\t\t\t<div class=\"elementor-column elementor-col-100 elementor-top-column elementor-element elementor-element-07b48bd\" data-id=\"07b48bd\" data-element_type=\"column\">\n\t\t\t<div class=\"elementor-widget-wrap elementor-element-populated\">\n\t\t\t\t\t\t<div class=\"elementor-element elementor-element-efa316e elementor-widget elementor-widget-html\" data-id=\"efa316e\" data-element_type=\"widget\" data-widget_type=\"html.default\">\n\t\t\t\t<div class=\"elementor-widget-container\">\n\t\t\t\t\t<div id=\"metaslider-id-74\" style=\"width: 100%; margin: 0 auto;\" class=\"ml-slider-3-27-8 metaslider metaslider-flex metaslider-74 ml-slider nav-hidden\">\n    <div id=\"metaslider_container_74\">\n        <div id=\"metaslider_74\" class=\"flexslider\">\n            <ul aria-live=\"polite\" class=\"slides\">\n                <li style=\"display: none; width: 100%;\" class=\"slide-794 ms-image\"><img loading=\"lazy\" decoding=\"async\" src=\"http:\/\/sudamericana.com.pe\/sudamericanav3\/wp-content\/uploads\/2025\/05\/Captura-de-pantalla-2025-05-22-150820-140x55.png\" height=\"55\" width=\"140\" alt=\"NTN\" class=\"slider-74 slide-794\" title=\"NTN\" \/><\/li>\n                <li style=\"display: none; width: 100%;\" class=\"slide-793 ms-image\"><img loading=\"lazy\" decoding=\"async\" src=\"http:\/\/sudamericana.com.pe\/sudamericanav3\/wp-content\/uploads\/2025\/05\/Captura-de-pantalla-2025-05-22-150908-140x55.png\" height=\"55\" width=\"140\" alt=\"NSK\" class=\"slider-74 slide-793\" title=\"NSK\" \/><\/li>\n                <li style=\"display: none; width: 100%;\" class=\"slide-800 ms-image\"><img loading=\"lazy\" decoding=\"async\" src=\"http:\/\/sudamericana.com.pe\/sudamericanav3\/wp-content\/uploads\/2025\/05\/Captura-de-pantalla-2025-05-22-151502-140x55.png\" height=\"55\" width=\"140\" alt=\"HIWIN\" class=\"slider-74 slide-800\" title=\"HIWIN\" \/><\/li>\n                <li style=\"display: none; width: 100%;\" class=\"slide-795 ms-image\"><img loading=\"lazy\" decoding=\"async\" src=\"http:\/\/sudamericana.com.pe\/sudamericanav3\/wp-content\/uploads\/2025\/05\/Captura-de-pantalla-2025-05-22-151051-140x55.png\" height=\"55\" width=\"140\" alt=\"SKF\" class=\"slider-74 slide-795\" title=\"SKF\" \/><\/li>\n                <li style=\"display: none; width: 100%;\" class=\"slide-806 ms-image\"><img loading=\"lazy\" decoding=\"async\" src=\"http:\/\/sudamericana.com.pe\/sudamericanav3\/wp-content\/uploads\/2025\/05\/Captura-de-pantalla-2025-05-22-150952-140x55.png\" height=\"55\" width=\"140\" alt=\"NACHI\" class=\"slider-74 slide-806\" title=\"NACHI\" \/><\/li>\n                <li style=\"display: none; width: 100%;\" class=\"slide-803 ms-image\"><img loading=\"lazy\" decoding=\"async\" src=\"http:\/\/sudamericana.com.pe\/sudamericanav3\/wp-content\/uploads\/2025\/05\/Captura-de-pantalla-2025-05-22-151127-140x55.png\" height=\"55\" width=\"140\" alt=\"JTEKT\" class=\"slider-74 slide-803\" title=\"JTEKT\" \/><\/li>\n                <li style=\"display: none; width: 100%;\" class=\"slide-796 ms-image\"><img loading=\"lazy\" decoding=\"async\" src=\"http:\/\/sudamericana.com.pe\/sudamericanav3\/wp-content\/uploads\/2025\/05\/Captura-de-pantalla-2025-05-22-151139-140x55.png\" height=\"55\" width=\"140\" alt=\"TIMKEN\" class=\"slider-74 slide-796\" title=\"TIMKEN\" \/><\/li>\n                <li style=\"display: none; width: 100%;\" class=\"slide-805 ms-image\"><img loading=\"lazy\" decoding=\"async\" src=\"http:\/\/sudamericana.com.pe\/sudamericanav3\/wp-content\/uploads\/2025\/05\/uu-140x55.png\" height=\"55\" width=\"140\" alt=\"MCB\" class=\"slider-74 slide-805\" title=\"MCB\" \/><\/li>\n                <li style=\"display: none; width: 100%;\" class=\"slide-798 ms-image\"><img loading=\"lazy\" decoding=\"async\" src=\"http:\/\/sudamericana.com.pe\/sudamericanav3\/wp-content\/uploads\/2025\/05\/Captura-de-pantalla-2025-05-22-151204-140x55.png\" height=\"55\" width=\"140\" alt=\"FAG\" class=\"slider-74 slide-798\" title=\"FAG\" \/><\/li>\n                <li style=\"display: none; width: 100%;\" class=\"slide-802 ms-image\"><img loading=\"lazy\" decoding=\"async\" src=\"http:\/\/sudamericana.com.pe\/sudamericanav3\/wp-content\/uploads\/2025\/05\/Captura-de-pantalla-2025-05-22-151112-140x55.png\" height=\"55\" width=\"140\" alt=\"JASON\" class=\"slider-74 slide-802\" title=\"JASON\" \/><\/li>\n                <li style=\"display: none; width: 100%;\" class=\"slide-807 ms-image\"><img loading=\"lazy\" decoding=\"async\" src=\"http:\/\/sudamericana.com.pe\/sudamericanav3\/wp-content\/uploads\/2025\/05\/Captura-de-pantalla-2025-05-22-151214-140x55.png\" height=\"55\" width=\"140\" alt=\"NKE\" class=\"slider-74 slide-807\" title=\"NKE\" \/><\/li>\n                <li style=\"display: none; width: 100%;\" class=\"slide-804 ms-image\"><img loading=\"lazy\" decoding=\"async\" src=\"http:\/\/sudamericana.com.pe\/sudamericanav3\/wp-content\/uploads\/2020\/07\/logo_Mbs_030720-76x29.jpg\" height=\"55\" width=\"140\" alt=\"MBS\" class=\"slider-74 slide-804\" title=\"MBS\" \/><\/li>\n                <li style=\"display: none; width: 100%;\" class=\"slide-801 ms-image\"><img loading=\"lazy\" decoding=\"async\" src=\"http:\/\/sudamericana.com.pe\/sudamericanav3\/wp-content\/uploads\/2020\/07\/logo_Ina_030720-76x29.jpg\" height=\"55\" width=\"140\" alt=\"INA\" class=\"slider-74 slide-801\" title=\"INA\" \/><\/li>\n                <li style=\"display: none; width: 100%;\" class=\"slide-799 ms-image\"><img loading=\"lazy\" decoding=\"async\" src=\"http:\/\/sudamericana.com.pe\/sudamericanav3\/wp-content\/uploads\/2025\/05\/Captura-de-pantalla-2025-05-22-145226-140x55.png\" height=\"55\" width=\"140\" alt=\"SDR\" class=\"slider-74 slide-799\" title=\"SDR\" \/><\/li>\n                <li style=\"display: none; width: 100%;\" class=\"slide-797 ms-image\"><img loading=\"lazy\" decoding=\"async\" src=\"http:\/\/sudamericana.com.pe\/sudamericanav3\/wp-content\/uploads\/2025\/05\/TTO-1-140x55.png\" height=\"55\" width=\"140\" alt=\"TTO\" class=\"slider-74 slide-797\" title=\"TTO\" \/><\/li>\n            <\/ul>\n        <\/div>\n        \n    <\/div>\n<\/div>\t\t\t\t<\/div>\n\t\t\t\t<\/div>\n\t\t\t\t\t<\/div>\n\t\t<\/div>\n\t\t\t\t\t<\/div>\n\t\t<\/section>\n\t\t\t\t<\/div>\n\t\t","protected":false},"excerpt":{"rendered":"<p>Pi\u00f1ones Cadena de transmisi\u00f3n<\/p>\n","protected":false},"author":1,"featured_media":0,"parent":0,"menu_order":0,"comment_status":"closed","ping_status":"closed","template":"","meta":{"om_disable_all_campaigns":false,"_monsterinsights_skip_tracking":false,"_monsterinsights_sitenote_active":false,"_monsterinsights_sitenote_note":"","_monsterinsights_sitenote_category":0,"ngg_post_thumbnail":0,"_joinchat":[],"footnotes":""},"class_list":["post-176","page","type-page","status-publish","hentry"],"yoast_head":"<!-- This site is optimized with the Yoast SEO plugin v19.5.1 - https:\/\/yoast.com\/wordpress\/plugins\/seo\/ -->\n<title>Cadena de transmisi\u00f3n - Sudamericana de Rodamientos S.A.C.<\/title>\n<meta name=\"robots\" content=\"index, follow, max-snippet:-1, max-image-preview:large, max-video-preview:-1\" \/>\n<link rel=\"canonical\" href=\"https:\/\/sudamericana.com.pe\/sudamericanav3\/transmision-de-potencia\/\" \/>\n<meta property=\"og:locale\" content=\"es_ES\" \/>\n<meta property=\"og:type\" content=\"article\" \/>\n<meta property=\"og:title\" content=\"Cadena de transmisi\u00f3n - Sudamericana de Rodamientos S.A.C.\" \/>\n<meta property=\"og:description\" content=\"Pi\u00f1ones Cadena de transmisi\u00f3n\" \/>\n<meta property=\"og:url\" content=\"https:\/\/sudamericana.com.pe\/sudamericanav3\/transmision-de-potencia\/\" \/>\n<meta property=\"og:site_name\" content=\"Sudamericana de Rodamientos S.A.C.\" \/>\n<meta property=\"article:publisher\" content=\"https:\/\/www.facebook.com\/a1111323232\" \/>\n<meta property=\"article:modified_time\" content=\"2025-11-20T19:55:58+00:00\" \/>\n<meta property=\"og:image\" content=\"http:\/\/sudamericana.com.pe\/sudamericanav3\/wp-content\/uploads\/2025\/11\/Somos-importadores-y-distribuidores-oficiales-de-las-marcas-lideres-a-nivel-mundial.-47-1024x267.png\" \/>\n<meta name=\"twitter:card\" content=\"summary_large_image\" \/>\n<meta name=\"twitter:label1\" content=\"Est. reading time\" \/>\n\t<meta name=\"twitter:data1\" content=\"1 minuto\" \/>\n<script type=\"application\/ld+json\" class=\"yoast-schema-graph\">{\"@context\":\"https:\/\/schema.org\",\"@graph\":[{\"@type\":\"WebPage\",\"@id\":\"https:\/\/sudamericana.com.pe\/sudamericanav3\/transmision-de-potencia\/\",\"url\":\"https:\/\/sudamericana.com.pe\/sudamericanav3\/transmision-de-potencia\/\",\"name\":\"Cadena de transmisi\u00f3n - Sudamericana de Rodamientos S.A.C.\",\"isPartOf\":{\"@id\":\"http:\/\/sudamericana.com.pe\/sudamericanav3\/#website\"},\"datePublished\":\"2019-09-20T18:10:38+00:00\",\"dateModified\":\"2025-11-20T19:55:58+00:00\",\"breadcrumb\":{\"@id\":\"https:\/\/sudamericana.com.pe\/sudamericanav3\/transmision-de-potencia\/#breadcrumb\"},\"inLanguage\":\"es-PE\",\"potentialAction\":[{\"@type\":\"ReadAction\",\"target\":[\"https:\/\/sudamericana.com.pe\/sudamericanav3\/transmision-de-potencia\/\"]}]},{\"@type\":\"BreadcrumbList\",\"@id\":\"https:\/\/sudamericana.com.pe\/sudamericanav3\/transmision-de-potencia\/#breadcrumb\",\"itemListElement\":[{\"@type\":\"ListItem\",\"position\":1,\"name\":\"Portada\",\"item\":\"http:\/\/sudamericana.com.pe\/sudamericanav3\/\"},{\"@type\":\"ListItem\",\"position\":2,\"name\":\"Cadena de transmisi\u00f3n\"}]},{\"@type\":\"WebSite\",\"@id\":\"http:\/\/sudamericana.com.pe\/sudamericanav3\/#website\",\"url\":\"http:\/\/sudamericana.com.pe\/sudamericanav3\/\",\"name\":\"Sudamericana de Rodamientos S.A.C.\",\"description\":\"Importadora y Distribuidora de Rodamientos\",\"publisher\":{\"@id\":\"http:\/\/sudamericana.com.pe\/sudamericanav3\/#organization\"},\"potentialAction\":[{\"@type\":\"SearchAction\",\"target\":{\"@type\":\"EntryPoint\",\"urlTemplate\":\"http:\/\/sudamericana.com.pe\/sudamericanav3\/?s={search_term_string}\"},\"query-input\":\"required name=search_term_string\"}],\"inLanguage\":\"es-PE\"},{\"@type\":\"Organization\",\"@id\":\"http:\/\/sudamericana.com.pe\/sudamericanav3\/#organization\",\"name\":\"Sudamericana de Rodamientos\",\"url\":\"http:\/\/sudamericana.com.pe\/sudamericanav3\/\",\"sameAs\":[\"https:\/\/www.facebook.com\/a1111323232\"],\"logo\":{\"@type\":\"ImageObject\",\"inLanguage\":\"es-PE\",\"@id\":\"http:\/\/sudamericana.com.pe\/sudamericanav3\/#\/schema\/logo\/image\/\",\"url\":\"http:\/\/sudamericana.com.pe\/sudamericanav3\/wp-content\/uploads\/2019\/09\/logo-e1593742988920.png\",\"contentUrl\":\"http:\/\/sudamericana.com.pe\/sudamericanav3\/wp-content\/uploads\/2019\/09\/logo-e1593742988920.png\",\"width\":642,\"height\":216,\"caption\":\"Sudamericana de Rodamientos\"},\"image\":{\"@id\":\"http:\/\/sudamericana.com.pe\/sudamericanav3\/#\/schema\/logo\/image\/\"}}]}<\/script>\n<!-- \/ Yoast SEO plugin. -->","yoast_head_json":{"title":"Cadena de transmisi\u00f3n - Sudamericana de Rodamientos S.A.C.","robots":{"index":"index","follow":"follow","max-snippet":"max-snippet:-1","max-image-preview":"max-image-preview:large","max-video-preview":"max-video-preview:-1"},"canonical":"https:\/\/sudamericana.com.pe\/sudamericanav3\/transmision-de-potencia\/","og_locale":"es_ES","og_type":"article","og_title":"Cadena de transmisi\u00f3n - Sudamericana de Rodamientos S.A.C.","og_description":"Pi\u00f1ones Cadena de transmisi\u00f3n","og_url":"https:\/\/sudamericana.com.pe\/sudamericanav3\/transmision-de-potencia\/","og_site_name":"Sudamericana de Rodamientos S.A.C.","article_publisher":"https:\/\/www.facebook.com\/a1111323232","article_modified_time":"2025-11-20T19:55:58+00:00","og_image":[{"url":"http:\/\/sudamericana.com.pe\/sudamericanav3\/wp-content\/uploads\/2025\/11\/Somos-importadores-y-distribuidores-oficiales-de-las-marcas-lideres-a-nivel-mundial.-47-1024x267.png"}],"twitter_card":"summary_large_image","twitter_misc":{"Est. reading time":"1 minuto"},"schema":{"@context":"https:\/\/schema.org","@graph":[{"@type":"WebPage","@id":"https:\/\/sudamericana.com.pe\/sudamericanav3\/transmision-de-potencia\/","url":"https:\/\/sudamericana.com.pe\/sudamericanav3\/transmision-de-potencia\/","name":"Cadena de transmisi\u00f3n - Sudamericana de Rodamientos S.A.C.","isPartOf":{"@id":"http:\/\/sudamericana.com.pe\/sudamericanav3\/#website"},"datePublished":"2019-09-20T18:10:38+00:00","dateModified":"2025-11-20T19:55:58+00:00","breadcrumb":{"@id":"https:\/\/sudamericana.com.pe\/sudamericanav3\/transmision-de-potencia\/#breadcrumb"},"inLanguage":"es-PE","potentialAction":[{"@type":"ReadAction","target":["https:\/\/sudamericana.com.pe\/sudamericanav3\/transmision-de-potencia\/"]}]},{"@type":"BreadcrumbList","@id":"https:\/\/sudamericana.com.pe\/sudamericanav3\/transmision-de-potencia\/#breadcrumb","itemListElement":[{"@type":"ListItem","position":1,"name":"Portada","item":"http:\/\/sudamericana.com.pe\/sudamericanav3\/"},{"@type":"ListItem","position":2,"name":"Cadena de transmisi\u00f3n"}]},{"@type":"WebSite","@id":"http:\/\/sudamericana.com.pe\/sudamericanav3\/#website","url":"http:\/\/sudamericana.com.pe\/sudamericanav3\/","name":"Sudamericana de Rodamientos S.A.C.","description":"Importadora y Distribuidora de Rodamientos","publisher":{"@id":"http:\/\/sudamericana.com.pe\/sudamericanav3\/#organization"},"potentialAction":[{"@type":"SearchAction","target":{"@type":"EntryPoint","urlTemplate":"http:\/\/sudamericana.com.pe\/sudamericanav3\/?s={search_term_string}"},"query-input":"required name=search_term_string"}],"inLanguage":"es-PE"},{"@type":"Organization","@id":"http:\/\/sudamericana.com.pe\/sudamericanav3\/#organization","name":"Sudamericana de Rodamientos","url":"http:\/\/sudamericana.com.pe\/sudamericanav3\/","sameAs":["https:\/\/www.facebook.com\/a1111323232"],"logo":{"@type":"ImageObject","inLanguage":"es-PE","@id":"http:\/\/sudamericana.com.pe\/sudamericanav3\/#\/schema\/logo\/image\/","url":"http:\/\/sudamericana.com.pe\/sudamericanav3\/wp-content\/uploads\/2019\/09\/logo-e1593742988920.png","contentUrl":"http:\/\/sudamericana.com.pe\/sudamericanav3\/wp-content\/uploads\/2019\/09\/logo-e1593742988920.png","width":642,"height":216,"caption":"Sudamericana de Rodamientos"},"image":{"@id":"http:\/\/sudamericana.com.pe\/sudamericanav3\/#\/schema\/logo\/image\/"}}]}},"_links":{"self":[{"href":"http:\/\/sudamericana.com.pe\/sudamericanav3\/wp-json\/wp\/v2\/pages\/176","targetHints":{"allow":["GET"]}}],"collection":[{"href":"http:\/\/sudamericana.com.pe\/sudamericanav3\/wp-json\/wp\/v2\/pages"}],"about":[{"href":"http:\/\/sudamericana.com.pe\/sudamericanav3\/wp-json\/wp\/v2\/types\/page"}],"author":[{"embeddable":true,"href":"http:\/\/sudamericana.com.pe\/sudamericanav3\/wp-json\/wp\/v2\/users\/1"}],"replies":[{"embeddable":true,"href":"http:\/\/sudamericana.com.pe\/sudamericanav3\/wp-json\/wp\/v2\/comments?post=176"}],"version-history":[{"count":5,"href":"http:\/\/sudamericana.com.pe\/sudamericanav3\/wp-json\/wp\/v2\/pages\/176\/revisions"}],"predecessor-version":[{"id":2119,"href":"http:\/\/sudamericana.com.pe\/sudamericanav3\/wp-json\/wp\/v2\/pages\/176\/revisions\/2119"}],"wp:attachment":[{"href":"http:\/\/sudamericana.com.pe\/sudamericanav3\/wp-json\/wp\/v2\/media?parent=176"}],"curies":[{"name":"wp","href":"https:\/\/api.w.org\/{rel}","templated":true}]}}