{"id":1810,"date":"2025-11-03T14:44:04","date_gmt":"2025-11-03T19:44:04","guid":{"rendered":"https:\/\/sudamericana.com.pe\/sudamericanav3\/?page_id=1810"},"modified":"2026-04-15T09:45:14","modified_gmt":"2026-04-15T14:45:14","slug":"acerca-de","status":"publish","type":"page","link":"http:\/\/sudamericana.com.pe\/sudamericanav3\/acerca-de\/","title":{"rendered":"Acerca de"},"content":{"rendered":"\t\t<div data-elementor-type=\"wp-page\" data-elementor-id=\"1810\" class=\"elementor elementor-1810\">\n\t\t\t\t\t\t<section class=\"elementor-section elementor-top-section elementor-element elementor-element-692936e elementor-section-boxed elementor-section-height-default elementor-section-height-default\" data-id=\"692936e\" data-element_type=\"section\">\n\t\t\t\t\t\t<div class=\"elementor-container elementor-column-gap-default\">\n\t\t\t\t\t<div class=\"elementor-column elementor-col-100 elementor-top-column elementor-element elementor-element-4c64388\" data-id=\"4c64388\" data-element_type=\"column\">\n\t\t\t<div class=\"elementor-widget-wrap elementor-element-populated\">\n\t\t\t\t\t\t<div class=\"elementor-element elementor-element-bd4b47e elementor-invisible elementor-widget elementor-widget-image\" data-id=\"bd4b47e\" data-element_type=\"widget\" data-settings=\"{&quot;_animation&quot;:&quot;zoomIn&quot;}\" data-widget_type=\"image.default\">\n\t\t\t\t<div class=\"elementor-widget-container\">\n\t\t\t\t\t\t\t\t\t\t\t\t\t\t\t<img decoding=\"async\" src=\"http:\/\/sudamericana.com.pe\/sudamericanav3\/wp-content\/uploads\/elementor\/thumbs\/Somos-importadores-y-distribuidores-oficiales-de-las-marcas-lideres-a-nivel-mundial.-43-re6fpaln7xfpjuxkqiw274by9nqbvbqpd7b9aq9hok.png\" title=\"INFORMES Y POL\u00cdTICAS\" alt=\"INFORMES Y POL\u00cdTICAS\" loading=\"lazy\" \/>\t\t\t\t\t\t\t\t\t\t\t\t\t\t\t<\/div>\n\t\t\t\t<\/div>\n\t\t\t\t<div class=\"elementor-element elementor-element-3136a5e elementor-widget elementor-widget-spacer\" data-id=\"3136a5e\" data-element_type=\"widget\" data-widget_type=\"spacer.default\">\n\t\t\t\t<div class=\"elementor-widget-container\">\n\t\t\t\t\t\t\t<div class=\"elementor-spacer\">\n\t\t\t<div class=\"elementor-spacer-inner\"><\/div>\n\t\t<\/div>\n\t\t\t\t\t\t<\/div>\n\t\t\t\t<\/div>\n\t\t\t\t\t<\/div>\n\t\t<\/div>\n\t\t\t\t\t<\/div>\n\t\t<\/section>\n\t\t\t\t<section class=\"elementor-section elementor-top-section elementor-element elementor-element-460fd1f elementor-section-boxed elementor-section-height-default elementor-section-height-default\" data-id=\"460fd1f\" data-element_type=\"section\">\n\t\t\t\t\t\t<div class=\"elementor-container elementor-column-gap-default\">\n\t\t\t\t\t<div class=\"elementor-column elementor-col-50 elementor-top-column elementor-element elementor-element-d874b3e\" data-id=\"d874b3e\" data-element_type=\"column\">\n\t\t\t<div class=\"elementor-widget-wrap elementor-element-populated\">\n\t\t\t\t\t\t<div class=\"elementor-element elementor-element-8218bfc elementor-widget elementor-widget-heading\" data-id=\"8218bfc\" data-element_type=\"widget\" data-widget_type=\"heading.default\">\n\t\t\t\t<div class=\"elementor-widget-container\">\n\t\t\t\t\t<h2 class=\"elementor-heading-title elementor-size-default\">Sistema Integral de Gesti\u00f3n<\/h2>\t\t\t\t<\/div>\n\t\t\t\t<\/div>\n\t\t\t\t\t<\/div>\n\t\t<\/div>\n\t\t\t\t<div class=\"elementor-column elementor-col-50 elementor-top-column elementor-element elementor-element-a0f3ce5\" data-id=\"a0f3ce5\" data-element_type=\"column\">\n\t\t\t<div class=\"elementor-widget-wrap elementor-element-populated\">\n\t\t\t\t\t\t<div class=\"elementor-element elementor-element-1e43850 elementor-widget elementor-widget-heading\" data-id=\"1e43850\" data-element_type=\"widget\" data-widget_type=\"heading.default\">\n\t\t\t\t<div class=\"elementor-widget-container\">\n\t\t\t\t\t<h2 class=\"elementor-heading-title elementor-size-default\">Misi\u00f3n y Visi\u00f3n<\/h2>\t\t\t\t<\/div>\n\t\t\t\t<\/div>\n\t\t\t\t\t<\/div>\n\t\t<\/div>\n\t\t\t\t\t<\/div>\n\t\t<\/section>\n\t\t\t\t<section class=\"elementor-section elementor-top-section elementor-element elementor-element-6ec18ad elementor-section-boxed elementor-section-height-default elementor-section-height-default\" data-id=\"6ec18ad\" data-element_type=\"section\">\n\t\t\t\t\t\t<div class=\"elementor-container elementor-column-gap-default\">\n\t\t\t\t\t<div class=\"elementor-column elementor-col-50 elementor-top-column elementor-element elementor-element-5ba5456\" data-id=\"5ba5456\" data-element_type=\"column\">\n\t\t\t<div class=\"elementor-widget-wrap elementor-element-populated\">\n\t\t\t\t\t\t<div class=\"elementor-element elementor-element-13d4b48 elementor-widget elementor-widget-text-editor\" data-id=\"13d4b48\" data-element_type=\"widget\" data-widget_type=\"text-editor.default\">\n\t\t\t\t<div class=\"elementor-widget-container\">\n\t\t\t\t\t\t\t\t\t<p>Nuestro compromiso con la excelencia se refleja en un sistema que integra la calidad, la eficiencia y la mejora continua en cada proceso. Trabajamos bajo lineamientos que aseguran el cumplimiento de est\u00e1ndares y la satisfacci\u00f3n de nuestros clientes.<br data-start=\"249\" data-end=\"252\" \/><strong><a href=\"http:\/\/sudamericana.com.pe\/sudamericanav3\/wp-content\/uploads\/2026\/04\/F.SIG_.001-POLITICA-SIG-2026_SUDAMERICANA.pdf\" target=\"_blank\" rel=\"noopener\">Para conocer m\u00e1s, haz clic aqu\u00ed.<\/a><\/strong><\/p>\t\t\t\t\t\t\t\t<\/div>\n\t\t\t\t<\/div>\n\t\t\t\t\t<\/div>\n\t\t<\/div>\n\t\t\t\t<div class=\"elementor-column elementor-col-50 elementor-top-column elementor-element elementor-element-2900e07\" data-id=\"2900e07\" data-element_type=\"column\">\n\t\t\t<div class=\"elementor-widget-wrap elementor-element-populated\">\n\t\t\t\t\t\t<div class=\"elementor-element elementor-element-709cc86 elementor-widget elementor-widget-text-editor\" data-id=\"709cc86\" data-element_type=\"widget\" data-widget_type=\"text-editor.default\">\n\t\t\t\t<div class=\"elementor-widget-container\">\n\t\t\t\t\t\t\t\t\t<p>Nuestra misi\u00f3n y visi\u00f3n definen el rumbo de Sudamericana de Rodamientos, marcando el compromiso con la excelencia, la innovaci\u00f3n y el desarrollo sostenible. Son la base que gu\u00eda nuestras operaciones y relaciones con clientes y aliados estrat\u00e9gicos.<br data-start=\"248\" data-end=\"251\" \/><strong data-start=\"251\" data-end=\"287\" data-is-last-node=\"\"><a href=\"http:\/\/sudamericana.com.pe\/sudamericanav3\/wp-content\/uploads\/2025\/11\/MISION-Y-VISION.pdf\" target=\"_blank\" rel=\"noopener\">Para conocer m\u00e1s, haz clic aqu\u00ed.<\/a><\/strong><\/p>\t\t\t\t\t\t\t\t<\/div>\n\t\t\t\t<\/div>\n\t\t\t\t\t<\/div>\n\t\t<\/div>\n\t\t\t\t\t<\/div>\n\t\t<\/section>\n\t\t\t\t<\/div>\n\t\t","protected":false},"excerpt":{"rendered":"<p>Sistema Integral de Gesti\u00f3n Misi\u00f3n y Visi\u00f3n Nuestro compromiso con la excelencia se refleja en un sistema que integra la calidad, la eficiencia y la&hellip;<\/p>\n","protected":false},"author":1,"featured_media":0,"parent":0,"menu_order":0,"comment_status":"closed","ping_status":"closed","template":"","meta":{"om_disable_all_campaigns":false,"_monsterinsights_skip_tracking":false,"_monsterinsights_sitenote_active":false,"_monsterinsights_sitenote_note":"","_monsterinsights_sitenote_category":0,"ngg_post_thumbnail":0,"_joinchat":[],"footnotes":""},"class_list":["post-1810","page","type-page","status-publish","hentry"],"yoast_head":"<!-- This site is optimized with the Yoast SEO plugin v19.5.1 - https:\/\/yoast.com\/wordpress\/plugins\/seo\/ -->\n<title>Acerca de - Sudamericana de Rodamientos S.A.C.<\/title>\n<meta name=\"robots\" content=\"index, follow, max-snippet:-1, max-image-preview:large, max-video-preview:-1\" \/>\n<link rel=\"canonical\" href=\"https:\/\/sudamericana.com.pe\/sudamericanav3\/acerca-de\/\" \/>\n<meta property=\"og:locale\" content=\"es_ES\" \/>\n<meta property=\"og:type\" content=\"article\" \/>\n<meta property=\"og:title\" content=\"Acerca de - Sudamericana de Rodamientos S.A.C.\" \/>\n<meta property=\"og:description\" content=\"Sistema Integral de Gesti\u00f3n Misi\u00f3n y Visi\u00f3n Nuestro compromiso con la excelencia se refleja en un sistema que integra la calidad, la eficiencia y la&hellip;\" \/>\n<meta property=\"og:url\" content=\"https:\/\/sudamericana.com.pe\/sudamericanav3\/acerca-de\/\" \/>\n<meta property=\"og:site_name\" content=\"Sudamericana de Rodamientos S.A.C.\" \/>\n<meta property=\"article:publisher\" content=\"https:\/\/www.facebook.com\/a1111323232\" \/>\n<meta property=\"article:modified_time\" content=\"2026-04-15T14:45:14+00:00\" \/>\n<meta property=\"og:image\" content=\"http:\/\/sudamericana.com.pe\/sudamericanav3\/wp-content\/uploads\/elementor\/thumbs\/Somos-importadores-y-distribuidores-oficiales-de-las-marcas-lideres-a-nivel-mundial.-43-re6fpaln7xfpjuxkqiw274by9nqbvbqpd7b9aq9hok.png\" \/>\n<meta name=\"twitter:card\" content=\"summary_large_image\" \/>\n<meta name=\"twitter:label1\" content=\"Est. reading time\" \/>\n\t<meta name=\"twitter:data1\" content=\"1 minuto\" \/>\n<script type=\"application\/ld+json\" class=\"yoast-schema-graph\">{\"@context\":\"https:\/\/schema.org\",\"@graph\":[{\"@type\":\"WebPage\",\"@id\":\"https:\/\/sudamericana.com.pe\/sudamericanav3\/acerca-de\/\",\"url\":\"https:\/\/sudamericana.com.pe\/sudamericanav3\/acerca-de\/\",\"name\":\"Acerca de - Sudamericana de Rodamientos S.A.C.\",\"isPartOf\":{\"@id\":\"http:\/\/sudamericana.com.pe\/sudamericanav3\/#website\"},\"datePublished\":\"2025-11-03T19:44:04+00:00\",\"dateModified\":\"2026-04-15T14:45:14+00:00\",\"breadcrumb\":{\"@id\":\"https:\/\/sudamericana.com.pe\/sudamericanav3\/acerca-de\/#breadcrumb\"},\"inLanguage\":\"es-PE\",\"potentialAction\":[{\"@type\":\"ReadAction\",\"target\":[\"https:\/\/sudamericana.com.pe\/sudamericanav3\/acerca-de\/\"]}]},{\"@type\":\"BreadcrumbList\",\"@id\":\"https:\/\/sudamericana.com.pe\/sudamericanav3\/acerca-de\/#breadcrumb\",\"itemListElement\":[{\"@type\":\"ListItem\",\"position\":1,\"name\":\"Portada\",\"item\":\"http:\/\/sudamericana.com.pe\/sudamericanav3\/\"},{\"@type\":\"ListItem\",\"position\":2,\"name\":\"Acerca de\"}]},{\"@type\":\"WebSite\",\"@id\":\"http:\/\/sudamericana.com.pe\/sudamericanav3\/#website\",\"url\":\"http:\/\/sudamericana.com.pe\/sudamericanav3\/\",\"name\":\"Sudamericana de Rodamientos S.A.C.\",\"description\":\"Importadora y Distribuidora de Rodamientos\",\"publisher\":{\"@id\":\"http:\/\/sudamericana.com.pe\/sudamericanav3\/#organization\"},\"potentialAction\":[{\"@type\":\"SearchAction\",\"target\":{\"@type\":\"EntryPoint\",\"urlTemplate\":\"http:\/\/sudamericana.com.pe\/sudamericanav3\/?s={search_term_string}\"},\"query-input\":\"required name=search_term_string\"}],\"inLanguage\":\"es-PE\"},{\"@type\":\"Organization\",\"@id\":\"http:\/\/sudamericana.com.pe\/sudamericanav3\/#organization\",\"name\":\"Sudamericana de Rodamientos\",\"url\":\"http:\/\/sudamericana.com.pe\/sudamericanav3\/\",\"sameAs\":[\"https:\/\/www.facebook.com\/a1111323232\"],\"logo\":{\"@type\":\"ImageObject\",\"inLanguage\":\"es-PE\",\"@id\":\"http:\/\/sudamericana.com.pe\/sudamericanav3\/#\/schema\/logo\/image\/\",\"url\":\"http:\/\/sudamericana.com.pe\/sudamericanav3\/wp-content\/uploads\/2019\/09\/logo-e1593742988920.png\",\"contentUrl\":\"http:\/\/sudamericana.com.pe\/sudamericanav3\/wp-content\/uploads\/2019\/09\/logo-e1593742988920.png\",\"width\":642,\"height\":216,\"caption\":\"Sudamericana de Rodamientos\"},\"image\":{\"@id\":\"http:\/\/sudamericana.com.pe\/sudamericanav3\/#\/schema\/logo\/image\/\"}}]}<\/script>\n<!-- \/ Yoast SEO plugin. -->","yoast_head_json":{"title":"Acerca de - Sudamericana de Rodamientos S.A.C.","robots":{"index":"index","follow":"follow","max-snippet":"max-snippet:-1","max-image-preview":"max-image-preview:large","max-video-preview":"max-video-preview:-1"},"canonical":"https:\/\/sudamericana.com.pe\/sudamericanav3\/acerca-de\/","og_locale":"es_ES","og_type":"article","og_title":"Acerca de - Sudamericana de Rodamientos S.A.C.","og_description":"Sistema Integral de Gesti\u00f3n Misi\u00f3n y Visi\u00f3n Nuestro compromiso con la excelencia se refleja en un sistema que integra la calidad, la eficiencia y la&hellip;","og_url":"https:\/\/sudamericana.com.pe\/sudamericanav3\/acerca-de\/","og_site_name":"Sudamericana de Rodamientos S.A.C.","article_publisher":"https:\/\/www.facebook.com\/a1111323232","article_modified_time":"2026-04-15T14:45:14+00:00","og_image":[{"url":"http:\/\/sudamericana.com.pe\/sudamericanav3\/wp-content\/uploads\/elementor\/thumbs\/Somos-importadores-y-distribuidores-oficiales-de-las-marcas-lideres-a-nivel-mundial.-43-re6fpaln7xfpjuxkqiw274by9nqbvbqpd7b9aq9hok.png"}],"twitter_card":"summary_large_image","twitter_misc":{"Est. reading time":"1 minuto"},"schema":{"@context":"https:\/\/schema.org","@graph":[{"@type":"WebPage","@id":"https:\/\/sudamericana.com.pe\/sudamericanav3\/acerca-de\/","url":"https:\/\/sudamericana.com.pe\/sudamericanav3\/acerca-de\/","name":"Acerca de - Sudamericana de Rodamientos S.A.C.","isPartOf":{"@id":"http:\/\/sudamericana.com.pe\/sudamericanav3\/#website"},"datePublished":"2025-11-03T19:44:04+00:00","dateModified":"2026-04-15T14:45:14+00:00","breadcrumb":{"@id":"https:\/\/sudamericana.com.pe\/sudamericanav3\/acerca-de\/#breadcrumb"},"inLanguage":"es-PE","potentialAction":[{"@type":"ReadAction","target":["https:\/\/sudamericana.com.pe\/sudamericanav3\/acerca-de\/"]}]},{"@type":"BreadcrumbList","@id":"https:\/\/sudamericana.com.pe\/sudamericanav3\/acerca-de\/#breadcrumb","itemListElement":[{"@type":"ListItem","position":1,"name":"Portada","item":"http:\/\/sudamericana.com.pe\/sudamericanav3\/"},{"@type":"ListItem","position":2,"name":"Acerca de"}]},{"@type":"WebSite","@id":"http:\/\/sudamericana.com.pe\/sudamericanav3\/#website","url":"http:\/\/sudamericana.com.pe\/sudamericanav3\/","name":"Sudamericana de Rodamientos S.A.C.","description":"Importadora y Distribuidora de Rodamientos","publisher":{"@id":"http:\/\/sudamericana.com.pe\/sudamericanav3\/#organization"},"potentialAction":[{"@type":"SearchAction","target":{"@type":"EntryPoint","urlTemplate":"http:\/\/sudamericana.com.pe\/sudamericanav3\/?s={search_term_string}"},"query-input":"required name=search_term_string"}],"inLanguage":"es-PE"},{"@type":"Organization","@id":"http:\/\/sudamericana.com.pe\/sudamericanav3\/#organization","name":"Sudamericana de Rodamientos","url":"http:\/\/sudamericana.com.pe\/sudamericanav3\/","sameAs":["https:\/\/www.facebook.com\/a1111323232"],"logo":{"@type":"ImageObject","inLanguage":"es-PE","@id":"http:\/\/sudamericana.com.pe\/sudamericanav3\/#\/schema\/logo\/image\/","url":"http:\/\/sudamericana.com.pe\/sudamericanav3\/wp-content\/uploads\/2019\/09\/logo-e1593742988920.png","contentUrl":"http:\/\/sudamericana.com.pe\/sudamericanav3\/wp-content\/uploads\/2019\/09\/logo-e1593742988920.png","width":642,"height":216,"caption":"Sudamericana de Rodamientos"},"image":{"@id":"http:\/\/sudamericana.com.pe\/sudamericanav3\/#\/schema\/logo\/image\/"}}]}},"_links":{"self":[{"href":"http:\/\/sudamericana.com.pe\/sudamericanav3\/wp-json\/wp\/v2\/pages\/1810","targetHints":{"allow":["GET"]}}],"collection":[{"href":"http:\/\/sudamericana.com.pe\/sudamericanav3\/wp-json\/wp\/v2\/pages"}],"about":[{"href":"http:\/\/sudamericana.com.pe\/sudamericanav3\/wp-json\/wp\/v2\/types\/page"}],"author":[{"embeddable":true,"href":"http:\/\/sudamericana.com.pe\/sudamericanav3\/wp-json\/wp\/v2\/users\/1"}],"replies":[{"embeddable":true,"href":"http:\/\/sudamericana.com.pe\/sudamericanav3\/wp-json\/wp\/v2\/comments?post=1810"}],"version-history":[{"count":5,"href":"http:\/\/sudamericana.com.pe\/sudamericanav3\/wp-json\/wp\/v2\/pages\/1810\/revisions"}],"predecessor-version":[{"id":2259,"href":"http:\/\/sudamericana.com.pe\/sudamericanav3\/wp-json\/wp\/v2\/pages\/1810\/revisions\/2259"}],"wp:attachment":[{"href":"http:\/\/sudamericana.com.pe\/sudamericanav3\/wp-json\/wp\/v2\/media?parent=1810"}],"curies":[{"name":"wp","href":"https:\/\/api.w.org\/{rel}","templated":true}]}}