{"id":2009,"date":"2025-11-18T15:57:55","date_gmt":"2025-11-18T20:57:55","guid":{"rendered":"https:\/\/sudamericana.com.pe\/sudamericanav3\/?page_id=2009"},"modified":"2025-11-20T14:44:34","modified_gmt":"2025-11-20T19:44:34","slug":"entrevistas","status":"publish","type":"page","link":"http:\/\/sudamericana.com.pe\/sudamericanav3\/entrevistas\/","title":{"rendered":"Entrevistas"},"content":{"rendered":"\t\t<div data-elementor-type=\"wp-page\" data-elementor-id=\"2009\" class=\"elementor elementor-2009\">\n\t\t\t\t\t\t<section class=\"elementor-section elementor-top-section elementor-element elementor-element-692936e elementor-section-boxed elementor-section-height-default elementor-section-height-default\" data-id=\"692936e\" data-element_type=\"section\">\n\t\t\t\t\t\t<div class=\"elementor-container elementor-column-gap-default\">\n\t\t\t\t\t<div class=\"elementor-column elementor-col-100 elementor-top-column elementor-element elementor-element-4c64388\" data-id=\"4c64388\" data-element_type=\"column\">\n\t\t\t<div class=\"elementor-widget-wrap elementor-element-populated\">\n\t\t\t\t\t\t<div class=\"elementor-element elementor-element-bd4b47e elementor-invisible elementor-widget elementor-widget-image\" data-id=\"bd4b47e\" data-element_type=\"widget\" data-settings=\"{&quot;_animation&quot;:&quot;zoomIn&quot;}\" data-widget_type=\"image.default\">\n\t\t\t\t<div class=\"elementor-widget-container\">\n\t\t\t\t\t\t\t\t\t\t\t\t\t\t\t<img decoding=\"async\" src=\"http:\/\/sudamericana.com.pe\/sudamericanav3\/wp-content\/uploads\/elementor\/thumbs\/Somos-importadores-y-distribuidores-oficiales-de-las-marcas-lideres-a-nivel-mundial.-53-rewl5dhfrd503wsmsk9eukla5tzdf0y7rfadfq4zpg.png\" title=\"ENTREVISTAS\" alt=\"ENTREVISTAS\" loading=\"lazy\" \/>\t\t\t\t\t\t\t\t\t\t\t\t\t\t\t<\/div>\n\t\t\t\t<\/div>\n\t\t\t\t\t<\/div>\n\t\t<\/div>\n\t\t\t\t\t<\/div>\n\t\t<\/section>\n\t\t\t\t<section class=\"elementor-section elementor-top-section elementor-element elementor-element-078b158 elementor-section-boxed elementor-section-height-default elementor-section-height-default\" data-id=\"078b158\" data-element_type=\"section\">\n\t\t\t\t\t\t<div class=\"elementor-container elementor-column-gap-default\">\n\t\t\t\t\t<div class=\"elementor-column elementor-col-100 elementor-top-column elementor-element elementor-element-5ef179c\" data-id=\"5ef179c\" data-element_type=\"column\">\n\t\t\t<div class=\"elementor-widget-wrap elementor-element-populated\">\n\t\t\t\t\t\t<div class=\"elementor-element elementor-element-2dfc2d3 elementor-widget elementor-widget-spacer\" data-id=\"2dfc2d3\" data-element_type=\"widget\" data-widget_type=\"spacer.default\">\n\t\t\t\t<div class=\"elementor-widget-container\">\n\t\t\t\t\t\t\t<div class=\"elementor-spacer\">\n\t\t\t<div class=\"elementor-spacer-inner\"><\/div>\n\t\t<\/div>\n\t\t\t\t\t\t<\/div>\n\t\t\t\t<\/div>\n\t\t\t\t\t<\/div>\n\t\t<\/div>\n\t\t\t\t\t<\/div>\n\t\t<\/section>\n\t\t\t\t<section class=\"elementor-section elementor-top-section elementor-element elementor-element-83a68ac elementor-section-boxed elementor-section-height-default elementor-section-height-default\" data-id=\"83a68ac\" data-element_type=\"section\">\n\t\t\t\t\t\t<div class=\"elementor-container elementor-column-gap-default\">\n\t\t\t\t\t<div class=\"elementor-column elementor-col-100 elementor-top-column elementor-element elementor-element-0490b1c\" data-id=\"0490b1c\" data-element_type=\"column\">\n\t\t\t<div class=\"elementor-widget-wrap elementor-element-populated\">\n\t\t\t\t\t\t<div class=\"elementor-element elementor-element-78cafe2 elementor-widget elementor-widget-heading\" data-id=\"78cafe2\" data-element_type=\"widget\" data-widget_type=\"heading.default\">\n\t\t\t\t<div class=\"elementor-widget-container\">\n\t\t\t\t\t<h4 class=\"elementor-heading-title elementor-size-default\">Entrevista de Hanka Cargo a Maribel Camilo: Visi\u00f3n Estrat\u00e9gica de Sudamericana de Rodamientos<\/h4>\t\t\t\t<\/div>\n\t\t\t\t<\/div>\n\t\t\t\t\t<\/div>\n\t\t<\/div>\n\t\t\t\t\t<\/div>\n\t\t<\/section>\n\t\t\t\t<section class=\"elementor-section elementor-top-section elementor-element elementor-element-c55cae2 elementor-section-boxed elementor-section-height-default elementor-section-height-default\" data-id=\"c55cae2\" data-element_type=\"section\">\n\t\t\t\t\t\t<div class=\"elementor-container elementor-column-gap-default\">\n\t\t\t\t\t<div class=\"elementor-column elementor-col-66 elementor-top-column elementor-element elementor-element-55f0e23\" data-id=\"55f0e23\" data-element_type=\"column\">\n\t\t\t<div class=\"elementor-widget-wrap elementor-element-populated\">\n\t\t\t\t\t\t<div class=\"elementor-element elementor-element-ead4eaf elementor-widget elementor-widget-video\" data-id=\"ead4eaf\" data-element_type=\"widget\" data-settings=\"{&quot;youtube_url&quot;:&quot;https:\\\/\\\/www.youtube.com\\\/watch?v=ugFDKM0E5JE&quot;,&quot;video_type&quot;:&quot;youtube&quot;,&quot;controls&quot;:&quot;yes&quot;}\" data-widget_type=\"video.default\">\n\t\t\t\t<div class=\"elementor-widget-container\">\n\t\t\t\t\t\t\t<div class=\"elementor-wrapper elementor-open-inline\">\n\t\t\t<div class=\"elementor-video\"><\/div>\t\t<\/div>\n\t\t\t\t\t\t<\/div>\n\t\t\t\t<\/div>\n\t\t\t\t\t<\/div>\n\t\t<\/div>\n\t\t\t\t<div class=\"elementor-column elementor-col-33 elementor-top-column elementor-element elementor-element-51b5a10\" data-id=\"51b5a10\" data-element_type=\"column\">\n\t\t\t<div class=\"elementor-widget-wrap elementor-element-populated\">\n\t\t\t\t\t\t<div class=\"elementor-element elementor-element-67e69fd elementor-widget elementor-widget-text-editor\" data-id=\"67e69fd\" data-element_type=\"widget\" data-widget_type=\"text-editor.default\">\n\t\t\t\t<div class=\"elementor-widget-container\">\n\t\t\t\t\t\t\t\t\t<h6 class=\"sr-only\">ChatGPT Plus<\/h6><div class=\"text-base my-auto mx-auto pb-10 [--thread-content-margin:--spacing(4)] thread-sm:[--thread-content-margin:--spacing(6)] thread-lg:[--thread-content-margin:--spacing(16)] px-(--thread-content-margin)\"><div class=\"[--thread-content-max-width:40rem] thread-lg:[--thread-content-max-width:48rem] mx-auto max-w-(--thread-content-max-width) flex-1 group\/turn-messages focus-visible:outline-hidden relative flex w-full min-w-0 flex-col agent-turn\" tabindex=\"-1\"><div class=\"flex max-w-full flex-col grow\"><div class=\"min-h-8 text-message relative flex w-full flex-col items-end gap-2 text-start break-words whitespace-normal [.text-message+&amp;]:mt-1\" dir=\"auto\" data-message-author-role=\"assistant\" data-message-id=\"9b6bf855-45a6-4f15-9208-46e20cc46478\" data-message-model-slug=\"gpt-5-1\"><div class=\"flex w-full flex-col gap-1 empty:hidden first:pt-[1px]\"><div class=\"markdown prose dark:prose-invert w-full break-words dark markdown-new-styling\"><p data-start=\"0\" data-end=\"376\" data-is-last-node=\"\" data-is-only-node=\"\">Maribel Camilo, gerente general de Sudamericana de Rodamientos, detalla en esta entrevista de Hanka Cargo c\u00f3mo la empresa fortalece su propuesta de valor mediante una operaci\u00f3n \u00e1gil, un servicio al cliente de alto est\u00e1ndar y una estrategia centrada en innovaci\u00f3n y eficiencia log\u00edstica.<\/p><\/div><\/div><\/div><\/div><\/div><\/div>\t\t\t\t\t\t\t\t<\/div>\n\t\t\t\t<\/div>\n\t\t\t\t\t<\/div>\n\t\t<\/div>\n\t\t\t\t\t<\/div>\n\t\t<\/section>\n\t\t\t\t<\/div>\n\t\t","protected":false},"excerpt":{"rendered":"<p>Entrevista de Hanka Cargo a Maribel Camilo: Visi\u00f3n Estrat\u00e9gica de Sudamericana de Rodamientos https:\/\/www.youtube.com\/watch?v=ugFDKM0E5JE ChatGPT Plus Maribel Camilo, gerente general de Sudamericana de Rodamientos, detalla&hellip;<\/p>\n","protected":false},"author":1,"featured_media":0,"parent":0,"menu_order":0,"comment_status":"closed","ping_status":"closed","template":"","meta":{"om_disable_all_campaigns":false,"_monsterinsights_skip_tracking":false,"_monsterinsights_sitenote_active":false,"_monsterinsights_sitenote_note":"","_monsterinsights_sitenote_category":0,"ngg_post_thumbnail":0,"_joinchat":[],"footnotes":""},"class_list":["post-2009","page","type-page","status-publish","hentry"],"yoast_head":"<!-- This site is optimized with the Yoast SEO plugin v19.5.1 - https:\/\/yoast.com\/wordpress\/plugins\/seo\/ -->\n<title>Entrevistas - Sudamericana de Rodamientos S.A.C.<\/title>\n<meta name=\"robots\" content=\"index, follow, max-snippet:-1, max-image-preview:large, max-video-preview:-1\" \/>\n<link rel=\"canonical\" href=\"https:\/\/sudamericana.com.pe\/sudamericanav3\/entrevistas\/\" \/>\n<meta property=\"og:locale\" content=\"es_ES\" \/>\n<meta property=\"og:type\" content=\"article\" \/>\n<meta property=\"og:title\" content=\"Entrevistas - Sudamericana de Rodamientos S.A.C.\" \/>\n<meta property=\"og:description\" content=\"Entrevista de Hanka Cargo a Maribel Camilo: Visi\u00f3n Estrat\u00e9gica de Sudamericana de Rodamientos https:\/\/www.youtube.com\/watch?v=ugFDKM0E5JE ChatGPT Plus Maribel Camilo, gerente general de Sudamericana de Rodamientos, detalla&hellip;\" \/>\n<meta property=\"og:url\" content=\"https:\/\/sudamericana.com.pe\/sudamericanav3\/entrevistas\/\" \/>\n<meta property=\"og:site_name\" content=\"Sudamericana de Rodamientos S.A.C.\" \/>\n<meta property=\"article:publisher\" content=\"https:\/\/www.facebook.com\/a1111323232\" \/>\n<meta property=\"article:modified_time\" content=\"2025-11-20T19:44:34+00:00\" \/>\n<meta property=\"og:image\" content=\"http:\/\/sudamericana.com.pe\/sudamericanav3\/wp-content\/uploads\/elementor\/thumbs\/Somos-importadores-y-distribuidores-oficiales-de-las-marcas-lideres-a-nivel-mundial.-53-rewl5dhfrd503wsmsk9eukla5tzdf0y7rfadfq4zpg.png\" \/>\n<meta name=\"twitter:card\" content=\"summary_large_image\" \/>\n<meta name=\"twitter:label1\" content=\"Est. reading time\" \/>\n\t<meta name=\"twitter:data1\" content=\"1 minuto\" \/>\n<script type=\"application\/ld+json\" class=\"yoast-schema-graph\">{\"@context\":\"https:\/\/schema.org\",\"@graph\":[{\"@type\":\"WebPage\",\"@id\":\"https:\/\/sudamericana.com.pe\/sudamericanav3\/entrevistas\/\",\"url\":\"https:\/\/sudamericana.com.pe\/sudamericanav3\/entrevistas\/\",\"name\":\"Entrevistas - Sudamericana de Rodamientos S.A.C.\",\"isPartOf\":{\"@id\":\"http:\/\/sudamericana.com.pe\/sudamericanav3\/#website\"},\"datePublished\":\"2025-11-18T20:57:55+00:00\",\"dateModified\":\"2025-11-20T19:44:34+00:00\",\"breadcrumb\":{\"@id\":\"https:\/\/sudamericana.com.pe\/sudamericanav3\/entrevistas\/#breadcrumb\"},\"inLanguage\":\"es-PE\",\"potentialAction\":[{\"@type\":\"ReadAction\",\"target\":[\"https:\/\/sudamericana.com.pe\/sudamericanav3\/entrevistas\/\"]}]},{\"@type\":\"BreadcrumbList\",\"@id\":\"https:\/\/sudamericana.com.pe\/sudamericanav3\/entrevistas\/#breadcrumb\",\"itemListElement\":[{\"@type\":\"ListItem\",\"position\":1,\"name\":\"Portada\",\"item\":\"http:\/\/sudamericana.com.pe\/sudamericanav3\/\"},{\"@type\":\"ListItem\",\"position\":2,\"name\":\"Entrevistas\"}]},{\"@type\":\"WebSite\",\"@id\":\"http:\/\/sudamericana.com.pe\/sudamericanav3\/#website\",\"url\":\"http:\/\/sudamericana.com.pe\/sudamericanav3\/\",\"name\":\"Sudamericana de Rodamientos S.A.C.\",\"description\":\"Importadora y Distribuidora de Rodamientos\",\"publisher\":{\"@id\":\"http:\/\/sudamericana.com.pe\/sudamericanav3\/#organization\"},\"potentialAction\":[{\"@type\":\"SearchAction\",\"target\":{\"@type\":\"EntryPoint\",\"urlTemplate\":\"http:\/\/sudamericana.com.pe\/sudamericanav3\/?s={search_term_string}\"},\"query-input\":\"required name=search_term_string\"}],\"inLanguage\":\"es-PE\"},{\"@type\":\"Organization\",\"@id\":\"http:\/\/sudamericana.com.pe\/sudamericanav3\/#organization\",\"name\":\"Sudamericana de Rodamientos\",\"url\":\"http:\/\/sudamericana.com.pe\/sudamericanav3\/\",\"sameAs\":[\"https:\/\/www.facebook.com\/a1111323232\"],\"logo\":{\"@type\":\"ImageObject\",\"inLanguage\":\"es-PE\",\"@id\":\"http:\/\/sudamericana.com.pe\/sudamericanav3\/#\/schema\/logo\/image\/\",\"url\":\"http:\/\/sudamericana.com.pe\/sudamericanav3\/wp-content\/uploads\/2019\/09\/logo-e1593742988920.png\",\"contentUrl\":\"http:\/\/sudamericana.com.pe\/sudamericanav3\/wp-content\/uploads\/2019\/09\/logo-e1593742988920.png\",\"width\":642,\"height\":216,\"caption\":\"Sudamericana de Rodamientos\"},\"image\":{\"@id\":\"http:\/\/sudamericana.com.pe\/sudamericanav3\/#\/schema\/logo\/image\/\"}}]}<\/script>\n<!-- \/ Yoast SEO plugin. -->","yoast_head_json":{"title":"Entrevistas - Sudamericana de Rodamientos S.A.C.","robots":{"index":"index","follow":"follow","max-snippet":"max-snippet:-1","max-image-preview":"max-image-preview:large","max-video-preview":"max-video-preview:-1"},"canonical":"https:\/\/sudamericana.com.pe\/sudamericanav3\/entrevistas\/","og_locale":"es_ES","og_type":"article","og_title":"Entrevistas - Sudamericana de Rodamientos S.A.C.","og_description":"Entrevista de Hanka Cargo a Maribel Camilo: Visi\u00f3n Estrat\u00e9gica de Sudamericana de Rodamientos https:\/\/www.youtube.com\/watch?v=ugFDKM0E5JE ChatGPT Plus Maribel Camilo, gerente general de Sudamericana de Rodamientos, detalla&hellip;","og_url":"https:\/\/sudamericana.com.pe\/sudamericanav3\/entrevistas\/","og_site_name":"Sudamericana de Rodamientos S.A.C.","article_publisher":"https:\/\/www.facebook.com\/a1111323232","article_modified_time":"2025-11-20T19:44:34+00:00","og_image":[{"url":"http:\/\/sudamericana.com.pe\/sudamericanav3\/wp-content\/uploads\/elementor\/thumbs\/Somos-importadores-y-distribuidores-oficiales-de-las-marcas-lideres-a-nivel-mundial.-53-rewl5dhfrd503wsmsk9eukla5tzdf0y7rfadfq4zpg.png"}],"twitter_card":"summary_large_image","twitter_misc":{"Est. reading time":"1 minuto"},"schema":{"@context":"https:\/\/schema.org","@graph":[{"@type":"WebPage","@id":"https:\/\/sudamericana.com.pe\/sudamericanav3\/entrevistas\/","url":"https:\/\/sudamericana.com.pe\/sudamericanav3\/entrevistas\/","name":"Entrevistas - Sudamericana de Rodamientos S.A.C.","isPartOf":{"@id":"http:\/\/sudamericana.com.pe\/sudamericanav3\/#website"},"datePublished":"2025-11-18T20:57:55+00:00","dateModified":"2025-11-20T19:44:34+00:00","breadcrumb":{"@id":"https:\/\/sudamericana.com.pe\/sudamericanav3\/entrevistas\/#breadcrumb"},"inLanguage":"es-PE","potentialAction":[{"@type":"ReadAction","target":["https:\/\/sudamericana.com.pe\/sudamericanav3\/entrevistas\/"]}]},{"@type":"BreadcrumbList","@id":"https:\/\/sudamericana.com.pe\/sudamericanav3\/entrevistas\/#breadcrumb","itemListElement":[{"@type":"ListItem","position":1,"name":"Portada","item":"http:\/\/sudamericana.com.pe\/sudamericanav3\/"},{"@type":"ListItem","position":2,"name":"Entrevistas"}]},{"@type":"WebSite","@id":"http:\/\/sudamericana.com.pe\/sudamericanav3\/#website","url":"http:\/\/sudamericana.com.pe\/sudamericanav3\/","name":"Sudamericana de Rodamientos S.A.C.","description":"Importadora y Distribuidora de Rodamientos","publisher":{"@id":"http:\/\/sudamericana.com.pe\/sudamericanav3\/#organization"},"potentialAction":[{"@type":"SearchAction","target":{"@type":"EntryPoint","urlTemplate":"http:\/\/sudamericana.com.pe\/sudamericanav3\/?s={search_term_string}"},"query-input":"required name=search_term_string"}],"inLanguage":"es-PE"},{"@type":"Organization","@id":"http:\/\/sudamericana.com.pe\/sudamericanav3\/#organization","name":"Sudamericana de Rodamientos","url":"http:\/\/sudamericana.com.pe\/sudamericanav3\/","sameAs":["https:\/\/www.facebook.com\/a1111323232"],"logo":{"@type":"ImageObject","inLanguage":"es-PE","@id":"http:\/\/sudamericana.com.pe\/sudamericanav3\/#\/schema\/logo\/image\/","url":"http:\/\/sudamericana.com.pe\/sudamericanav3\/wp-content\/uploads\/2019\/09\/logo-e1593742988920.png","contentUrl":"http:\/\/sudamericana.com.pe\/sudamericanav3\/wp-content\/uploads\/2019\/09\/logo-e1593742988920.png","width":642,"height":216,"caption":"Sudamericana de Rodamientos"},"image":{"@id":"http:\/\/sudamericana.com.pe\/sudamericanav3\/#\/schema\/logo\/image\/"}}]}},"_links":{"self":[{"href":"http:\/\/sudamericana.com.pe\/sudamericanav3\/wp-json\/wp\/v2\/pages\/2009","targetHints":{"allow":["GET"]}}],"collection":[{"href":"http:\/\/sudamericana.com.pe\/sudamericanav3\/wp-json\/wp\/v2\/pages"}],"about":[{"href":"http:\/\/sudamericana.com.pe\/sudamericanav3\/wp-json\/wp\/v2\/types\/page"}],"author":[{"embeddable":true,"href":"http:\/\/sudamericana.com.pe\/sudamericanav3\/wp-json\/wp\/v2\/users\/1"}],"replies":[{"embeddable":true,"href":"http:\/\/sudamericana.com.pe\/sudamericanav3\/wp-json\/wp\/v2\/comments?post=2009"}],"version-history":[{"count":5,"href":"http:\/\/sudamericana.com.pe\/sudamericanav3\/wp-json\/wp\/v2\/pages\/2009\/revisions"}],"predecessor-version":[{"id":2095,"href":"http:\/\/sudamericana.com.pe\/sudamericanav3\/wp-json\/wp\/v2\/pages\/2009\/revisions\/2095"}],"wp:attachment":[{"href":"http:\/\/sudamericana.com.pe\/sudamericanav3\/wp-json\/wp\/v2\/media?parent=2009"}],"curies":[{"name":"wp","href":"https:\/\/api.w.org\/{rel}","templated":true}]}}