{"id":26,"date":"2019-09-19T06:53:31","date_gmt":"2019-09-19T06:53:31","guid":{"rendered":"http:\/\/sudamericana.com.pe\/sudamericanav3\/?page_id=26"},"modified":"2025-09-27T10:46:34","modified_gmt":"2025-09-27T15:46:34","slug":"contactenos","status":"publish","type":"page","link":"http:\/\/sudamericana.com.pe\/sudamericanav3\/contactenos\/","title":{"rendered":"Cont\u00e1ctenos"},"content":{"rendered":"\t\t<div data-elementor-type=\"wp-page\" data-elementor-id=\"26\" class=\"elementor elementor-26\">\n\t\t\t\t\t\t<section class=\"elementor-section elementor-top-section elementor-element elementor-element-8167ea9 elementor-section-boxed elementor-section-height-default elementor-section-height-default\" data-id=\"8167ea9\" data-element_type=\"section\">\n\t\t\t\t\t\t<div class=\"elementor-container elementor-column-gap-default\">\n\t\t\t\t\t<div class=\"elementor-column elementor-col-100 elementor-top-column elementor-element elementor-element-35397c6\" data-id=\"35397c6\" data-element_type=\"column\">\n\t\t\t<div class=\"elementor-widget-wrap elementor-element-populated\">\n\t\t\t\t\t\t<div class=\"elementor-element elementor-element-912fe9a elementor-widget elementor-widget-image\" data-id=\"912fe9a\" data-element_type=\"widget\" data-widget_type=\"image.default\">\n\t\t\t\t<div class=\"elementor-widget-container\">\n\t\t\t\t\t\t\t\t\t\t\t\t\t\t\t<img fetchpriority=\"high\" decoding=\"async\" width=\"843\" height=\"220\" src=\"http:\/\/sudamericana.com.pe\/sudamericanav3\/wp-content\/uploads\/2025\/09\/Somos-importadores-y-distribuidores-oficiales-de-las-marcas-lideres-a-nivel-mundial.-8-1024x267.png\" class=\"attachment-large size-large wp-image-1472\" alt=\"\" srcset=\"http:\/\/sudamericana.com.pe\/sudamericanav3\/wp-content\/uploads\/2025\/09\/Somos-importadores-y-distribuidores-oficiales-de-las-marcas-lideres-a-nivel-mundial.-8-1024x267.png 1024w, http:\/\/sudamericana.com.pe\/sudamericanav3\/wp-content\/uploads\/2025\/09\/Somos-importadores-y-distribuidores-oficiales-de-las-marcas-lideres-a-nivel-mundial.-8-300x78.png 300w, http:\/\/sudamericana.com.pe\/sudamericanav3\/wp-content\/uploads\/2025\/09\/Somos-importadores-y-distribuidores-oficiales-de-las-marcas-lideres-a-nivel-mundial.-8-768x200.png 768w, http:\/\/sudamericana.com.pe\/sudamericanav3\/wp-content\/uploads\/2025\/09\/Somos-importadores-y-distribuidores-oficiales-de-las-marcas-lideres-a-nivel-mundial.-8-1536x400.png 1536w, http:\/\/sudamericana.com.pe\/sudamericanav3\/wp-content\/uploads\/2025\/09\/Somos-importadores-y-distribuidores-oficiales-de-las-marcas-lideres-a-nivel-mundial.-8.png 1920w\" sizes=\"(max-width: 843px) 100vw, 843px\" \/>\t\t\t\t\t\t\t\t\t\t\t\t\t\t\t<\/div>\n\t\t\t\t<\/div>\n\t\t\t\t<div class=\"elementor-element elementor-element-12f4d7f elementor-widget elementor-widget-spacer\" data-id=\"12f4d7f\" data-element_type=\"widget\" data-widget_type=\"spacer.default\">\n\t\t\t\t<div class=\"elementor-widget-container\">\n\t\t\t\t\t\t\t<div class=\"elementor-spacer\">\n\t\t\t<div class=\"elementor-spacer-inner\"><\/div>\n\t\t<\/div>\n\t\t\t\t\t\t<\/div>\n\t\t\t\t<\/div>\n\t\t\t\t\t<\/div>\n\t\t<\/div>\n\t\t\t\t\t<\/div>\n\t\t<\/section>\n\t\t\t\t<section class=\"elementor-section elementor-top-section elementor-element elementor-element-d65231d elementor-section-boxed elementor-section-height-default elementor-section-height-default\" data-id=\"d65231d\" data-element_type=\"section\">\n\t\t\t\t\t\t<div class=\"elementor-container elementor-column-gap-default\">\n\t\t\t\t\t<div class=\"elementor-column elementor-col-100 elementor-top-column elementor-element elementor-element-77d9529\" data-id=\"77d9529\" data-element_type=\"column\">\n\t\t\t<div class=\"elementor-widget-wrap elementor-element-populated\">\n\t\t\t\t\t\t<div class=\"elementor-element elementor-element-f00c865 elementor-widget elementor-widget-wpforms\" data-id=\"f00c865\" data-element_type=\"widget\" data-widget_type=\"wpforms.default\">\n\t\t\t\t<div class=\"elementor-widget-container\">\n\t\t\t\t\t<div class=\"wpforms-container wpforms-container-full zerif-wpforms pirate_forms\" id=\"wpforms-664\"><form id=\"wpforms-form-664\" class=\"wpforms-validate wpforms-form\" data-formid=\"664\" method=\"post\" enctype=\"multipart\/form-data\" action=\"\/sudamericanav3\/wp-json\/wp\/v2\/pages\/26\" data-token=\"4cede5fdebd8ed73e68db7bc8ab4f243\" data-token-time=\"1776953276\"><noscript class=\"wpforms-error-noscript\">Please enable JavaScript in your browser to complete this form.<\/noscript><div class=\"wpforms-field-container\"><div id=\"wpforms-664-field_8-container\" class=\"wpforms-field wpforms-field-text\" data-field-id=\"8\"><label class=\"wpforms-field-label\" for=\"wpforms-664-field_8\">Nombres y apellidos <span class=\"wpforms-required-label\">*<\/span><\/label><input type=\"text\" id=\"wpforms-664-field_8\" class=\"wpforms-field-medium wpforms-field-required\" name=\"wpforms[fields][8]\" required><\/div><div id=\"wpforms-664-field_11-container\" class=\"wpforms-field wpforms-field-email\" data-field-id=\"11\"><label class=\"wpforms-field-label\" for=\"wpforms-664-field_11\">Correo electr\u00f3nico <span class=\"wpforms-required-label\">*<\/span><\/label><input type=\"email\" id=\"wpforms-664-field_11\" class=\"wpforms-field-medium wpforms-field-required\" name=\"wpforms[fields][11]\" spellcheck=\"false\" required><\/div><div id=\"wpforms-664-field_12-container\" class=\"wpforms-field wpforms-field-text\" data-field-id=\"12\"><label class=\"wpforms-field-label\" for=\"wpforms-664-field_12\">Tel\u00e9fono m\u00f3vil <span class=\"wpforms-required-label\">*<\/span><\/label><input type=\"text\" id=\"wpforms-664-field_12\" class=\"wpforms-field-medium wpforms-field-required wpforms-limit-characters-enabled\" data-form-id=\"664\" data-field-id=\"12\" data-text-limit=\"9\" name=\"wpforms[fields][12]\" maxlength=\"9\" required><\/div><div id=\"wpforms-664-field_14-container\" class=\"wpforms-field wpforms-field-text\" data-field-id=\"14\"><label class=\"wpforms-field-label\" for=\"wpforms-664-field_14\">RUC de la empresa <span class=\"wpforms-required-label\">*<\/span><\/label><input type=\"text\" id=\"wpforms-664-field_14\" class=\"wpforms-field-medium wpforms-field-required wpforms-limit-characters-enabled\" data-form-id=\"664\" data-field-id=\"14\" data-text-limit=\"11\" name=\"wpforms[fields][14]\" maxlength=\"11\" required><\/div><div id=\"wpforms-664-field_10-container\" class=\"wpforms-field wpforms-field-select wpforms-field-select-style-classic\" data-field-id=\"10\"><label class=\"wpforms-field-label\" for=\"wpforms-664-field_10\">Asunto <span class=\"wpforms-required-label\">*<\/span><\/label><select id=\"wpforms-664-field_10\" class=\"wpforms-field-medium wpforms-field-required\" name=\"wpforms[fields][10]\" required=\"required\"><option value=\"Ventas\"  selected='selected'>Ventas<\/option><option value=\"Atenci\u00f3n al Cliente\" >Atenci\u00f3n al Cliente<\/option><option value=\"Soporte T\u00e9cnico\" >Soporte T\u00e9cnico<\/option><option value=\"Reclamos\" >Reclamos<\/option><\/select><\/div><div id=\"wpforms-664-field_2-container\" class=\"wpforms-field wpforms-field-textarea\" data-field-id=\"2\"><label class=\"wpforms-field-label wpforms-label-hide\" for=\"wpforms-664-field_2\">Mensaje <span class=\"wpforms-required-label\">*<\/span><\/label><textarea id=\"wpforms-664-field_2\" class=\"wpforms-field-medium wpforms-field-required\" name=\"wpforms[fields][2]\" placeholder=\"Mensaje\" required><\/textarea><\/div><\/div><!-- .wpforms-field-container --><div class=\"wpforms-field wpforms-field-hp\"><label for=\"wpforms-664-field-hp\" class=\"wpforms-field-label\">Website<\/label><input type=\"text\" name=\"wpforms[hp]\" id=\"wpforms-664-field-hp\" class=\"wpforms-field-medium\"><\/div><div class=\"wpforms-recaptcha-container wpforms-is-recaptcha wpforms-is-recaptcha-type-v2\" ><div class=\"g-recaptcha\" data-sitekey=\"6Le9-sIUAAAAAIDDkH6iXeAXs6ftrlIJwbJycEqA\"><\/div><input type=\"text\" name=\"g-recaptcha-hidden\" class=\"wpforms-recaptcha-hidden\" style=\"position:absolute!important;clip:rect(0,0,0,0)!important;height:1px!important;width:1px!important;border:0!important;overflow:hidden!important;padding:0!important;margin:0!important;\" data-rule-recaptcha=\"1\"><\/div><div class=\"wpforms-submit-container\" ><input type=\"hidden\" name=\"wpforms[id]\" value=\"664\"><input type=\"hidden\" name=\"page_title\" value=\"\"><input type=\"hidden\" name=\"page_url\" value=\"http:\/\/sudamericana.com.pe\/sudamericanav3\/wp-json\/wp\/v2\/pages\/26\"><button type=\"submit\" name=\"wpforms[submit]\" id=\"wpforms-submit-664\" class=\"wpforms-submit\" data-alt-text=\"Enviando...\" data-submit-text=\"Enviar Mensaje\" aria-live=\"assertive\" value=\"wpforms-submit\">Enviar Mensaje<\/button><\/div><\/form><\/div>  <!-- .wpforms-container -->\t\t\t\t<\/div>\n\t\t\t\t<\/div>\n\t\t\t\t\t<\/div>\n\t\t<\/div>\n\t\t\t\t\t<\/div>\n\t\t<\/section>\n\t\t\t\t<\/div>\n\t\t","protected":false},"excerpt":{"rendered":"<p>Please enable JavaScript in your browser to complete this form.Nombres y Apellidos *Correo Electr\u00f3nico *Tel\u00e9fono m\u00f3vil *Asunto *VentasAtenci\u00f3n al ClienteSoporte T\u00e9cnicoReclamosMensaje *Message Enviar Mensaje<\/p>\n","protected":false},"author":1,"featured_media":0,"parent":0,"menu_order":0,"comment_status":"closed","ping_status":"closed","template":"","meta":{"om_disable_all_campaigns":false,"_monsterinsights_skip_tracking":false,"_monsterinsights_sitenote_active":false,"_monsterinsights_sitenote_note":"","_monsterinsights_sitenote_category":0,"ngg_post_thumbnail":0,"_joinchat":[],"footnotes":""},"class_list":["post-26","page","type-page","status-publish","hentry"],"yoast_head":"<!-- This site is optimized with the Yoast SEO plugin v19.5.1 - https:\/\/yoast.com\/wordpress\/plugins\/seo\/ -->\n<title>Cont\u00e1ctenos - Sudamericana de Rodamientos S.A.C.<\/title>\n<meta name=\"robots\" content=\"index, follow, max-snippet:-1, max-image-preview:large, max-video-preview:-1\" \/>\n<link rel=\"canonical\" href=\"http:\/\/sudamericana.com.pe\/sudamericanav3\/contactenos\/\" \/>\n<meta property=\"og:locale\" content=\"es_ES\" \/>\n<meta property=\"og:type\" content=\"article\" \/>\n<meta property=\"og:title\" content=\"Cont\u00e1ctenos - Sudamericana de Rodamientos S.A.C.\" \/>\n<meta property=\"og:description\" content=\"Please enable JavaScript in your browser to complete this form.Nombres y Apellidos *Correo Electr\u00f3nico *Tel\u00e9fono m\u00f3vil *Asunto *VentasAtenci\u00f3n al ClienteSoporte T\u00e9cnicoReclamosMensaje *Message Enviar Mensaje\" \/>\n<meta property=\"og:url\" content=\"http:\/\/sudamericana.com.pe\/sudamericanav3\/contactenos\/\" \/>\n<meta property=\"og:site_name\" content=\"Sudamericana de Rodamientos S.A.C.\" \/>\n<meta property=\"article:publisher\" content=\"https:\/\/www.facebook.com\/a1111323232\" \/>\n<meta property=\"article:modified_time\" content=\"2025-09-27T15:46:34+00:00\" \/>\n<meta property=\"og:image\" content=\"http:\/\/sudamericana.com.pe\/sudamericanav3\/wp-content\/uploads\/2025\/09\/Somos-importadores-y-distribuidores-oficiales-de-las-marcas-lideres-a-nivel-mundial.-8-1024x267.png\" \/>\n<meta name=\"twitter:card\" content=\"summary_large_image\" \/>\n<meta name=\"twitter:label1\" content=\"Est. reading time\" \/>\n\t<meta name=\"twitter:data1\" content=\"1 minuto\" \/>\n<script type=\"application\/ld+json\" class=\"yoast-schema-graph\">{\"@context\":\"https:\/\/schema.org\",\"@graph\":[{\"@type\":\"WebPage\",\"@id\":\"http:\/\/sudamericana.com.pe\/sudamericanav3\/contactenos\/\",\"url\":\"http:\/\/sudamericana.com.pe\/sudamericanav3\/contactenos\/\",\"name\":\"Cont\u00e1ctenos - Sudamericana de Rodamientos S.A.C.\",\"isPartOf\":{\"@id\":\"http:\/\/sudamericana.com.pe\/sudamericanav3\/#website\"},\"datePublished\":\"2019-09-19T06:53:31+00:00\",\"dateModified\":\"2025-09-27T15:46:34+00:00\",\"breadcrumb\":{\"@id\":\"http:\/\/sudamericana.com.pe\/sudamericanav3\/contactenos\/#breadcrumb\"},\"inLanguage\":\"es-PE\",\"potentialAction\":[{\"@type\":\"ReadAction\",\"target\":[\"http:\/\/sudamericana.com.pe\/sudamericanav3\/contactenos\/\"]}]},{\"@type\":\"BreadcrumbList\",\"@id\":\"http:\/\/sudamericana.com.pe\/sudamericanav3\/contactenos\/#breadcrumb\",\"itemListElement\":[{\"@type\":\"ListItem\",\"position\":1,\"name\":\"Portada\",\"item\":\"http:\/\/sudamericana.com.pe\/sudamericanav3\/\"},{\"@type\":\"ListItem\",\"position\":2,\"name\":\"Cont\u00e1ctenos\"}]},{\"@type\":\"WebSite\",\"@id\":\"http:\/\/sudamericana.com.pe\/sudamericanav3\/#website\",\"url\":\"http:\/\/sudamericana.com.pe\/sudamericanav3\/\",\"name\":\"Sudamericana de Rodamientos S.A.C.\",\"description\":\"Importadora y Distribuidora de Rodamientos\",\"publisher\":{\"@id\":\"http:\/\/sudamericana.com.pe\/sudamericanav3\/#organization\"},\"potentialAction\":[{\"@type\":\"SearchAction\",\"target\":{\"@type\":\"EntryPoint\",\"urlTemplate\":\"http:\/\/sudamericana.com.pe\/sudamericanav3\/?s={search_term_string}\"},\"query-input\":\"required name=search_term_string\"}],\"inLanguage\":\"es-PE\"},{\"@type\":\"Organization\",\"@id\":\"http:\/\/sudamericana.com.pe\/sudamericanav3\/#organization\",\"name\":\"Sudamericana de Rodamientos\",\"url\":\"http:\/\/sudamericana.com.pe\/sudamericanav3\/\",\"sameAs\":[\"https:\/\/www.facebook.com\/a1111323232\"],\"logo\":{\"@type\":\"ImageObject\",\"inLanguage\":\"es-PE\",\"@id\":\"http:\/\/sudamericana.com.pe\/sudamericanav3\/#\/schema\/logo\/image\/\",\"url\":\"http:\/\/sudamericana.com.pe\/sudamericanav3\/wp-content\/uploads\/2019\/09\/logo-e1593742988920.png\",\"contentUrl\":\"http:\/\/sudamericana.com.pe\/sudamericanav3\/wp-content\/uploads\/2019\/09\/logo-e1593742988920.png\",\"width\":642,\"height\":216,\"caption\":\"Sudamericana de Rodamientos\"},\"image\":{\"@id\":\"http:\/\/sudamericana.com.pe\/sudamericanav3\/#\/schema\/logo\/image\/\"}}]}<\/script>\n<!-- \/ Yoast SEO plugin. -->","yoast_head_json":{"title":"Cont\u00e1ctenos - Sudamericana de Rodamientos S.A.C.","robots":{"index":"index","follow":"follow","max-snippet":"max-snippet:-1","max-image-preview":"max-image-preview:large","max-video-preview":"max-video-preview:-1"},"canonical":"http:\/\/sudamericana.com.pe\/sudamericanav3\/contactenos\/","og_locale":"es_ES","og_type":"article","og_title":"Cont\u00e1ctenos - Sudamericana de Rodamientos S.A.C.","og_description":"Please enable JavaScript in your browser to complete this form.Nombres y Apellidos *Correo Electr\u00f3nico *Tel\u00e9fono m\u00f3vil *Asunto *VentasAtenci\u00f3n al ClienteSoporte T\u00e9cnicoReclamosMensaje *Message Enviar Mensaje","og_url":"http:\/\/sudamericana.com.pe\/sudamericanav3\/contactenos\/","og_site_name":"Sudamericana de Rodamientos S.A.C.","article_publisher":"https:\/\/www.facebook.com\/a1111323232","article_modified_time":"2025-09-27T15:46:34+00:00","og_image":[{"url":"http:\/\/sudamericana.com.pe\/sudamericanav3\/wp-content\/uploads\/2025\/09\/Somos-importadores-y-distribuidores-oficiales-de-las-marcas-lideres-a-nivel-mundial.-8-1024x267.png"}],"twitter_card":"summary_large_image","twitter_misc":{"Est. reading time":"1 minuto"},"schema":{"@context":"https:\/\/schema.org","@graph":[{"@type":"WebPage","@id":"http:\/\/sudamericana.com.pe\/sudamericanav3\/contactenos\/","url":"http:\/\/sudamericana.com.pe\/sudamericanav3\/contactenos\/","name":"Cont\u00e1ctenos - Sudamericana de Rodamientos S.A.C.","isPartOf":{"@id":"http:\/\/sudamericana.com.pe\/sudamericanav3\/#website"},"datePublished":"2019-09-19T06:53:31+00:00","dateModified":"2025-09-27T15:46:34+00:00","breadcrumb":{"@id":"http:\/\/sudamericana.com.pe\/sudamericanav3\/contactenos\/#breadcrumb"},"inLanguage":"es-PE","potentialAction":[{"@type":"ReadAction","target":["http:\/\/sudamericana.com.pe\/sudamericanav3\/contactenos\/"]}]},{"@type":"BreadcrumbList","@id":"http:\/\/sudamericana.com.pe\/sudamericanav3\/contactenos\/#breadcrumb","itemListElement":[{"@type":"ListItem","position":1,"name":"Portada","item":"http:\/\/sudamericana.com.pe\/sudamericanav3\/"},{"@type":"ListItem","position":2,"name":"Cont\u00e1ctenos"}]},{"@type":"WebSite","@id":"http:\/\/sudamericana.com.pe\/sudamericanav3\/#website","url":"http:\/\/sudamericana.com.pe\/sudamericanav3\/","name":"Sudamericana de Rodamientos S.A.C.","description":"Importadora y Distribuidora de Rodamientos","publisher":{"@id":"http:\/\/sudamericana.com.pe\/sudamericanav3\/#organization"},"potentialAction":[{"@type":"SearchAction","target":{"@type":"EntryPoint","urlTemplate":"http:\/\/sudamericana.com.pe\/sudamericanav3\/?s={search_term_string}"},"query-input":"required name=search_term_string"}],"inLanguage":"es-PE"},{"@type":"Organization","@id":"http:\/\/sudamericana.com.pe\/sudamericanav3\/#organization","name":"Sudamericana de Rodamientos","url":"http:\/\/sudamericana.com.pe\/sudamericanav3\/","sameAs":["https:\/\/www.facebook.com\/a1111323232"],"logo":{"@type":"ImageObject","inLanguage":"es-PE","@id":"http:\/\/sudamericana.com.pe\/sudamericanav3\/#\/schema\/logo\/image\/","url":"http:\/\/sudamericana.com.pe\/sudamericanav3\/wp-content\/uploads\/2019\/09\/logo-e1593742988920.png","contentUrl":"http:\/\/sudamericana.com.pe\/sudamericanav3\/wp-content\/uploads\/2019\/09\/logo-e1593742988920.png","width":642,"height":216,"caption":"Sudamericana de Rodamientos"},"image":{"@id":"http:\/\/sudamericana.com.pe\/sudamericanav3\/#\/schema\/logo\/image\/"}}]}},"_links":{"self":[{"href":"http:\/\/sudamericana.com.pe\/sudamericanav3\/wp-json\/wp\/v2\/pages\/26","targetHints":{"allow":["GET"]}}],"collection":[{"href":"http:\/\/sudamericana.com.pe\/sudamericanav3\/wp-json\/wp\/v2\/pages"}],"about":[{"href":"http:\/\/sudamericana.com.pe\/sudamericanav3\/wp-json\/wp\/v2\/types\/page"}],"author":[{"embeddable":true,"href":"http:\/\/sudamericana.com.pe\/sudamericanav3\/wp-json\/wp\/v2\/users\/1"}],"replies":[{"embeddable":true,"href":"http:\/\/sudamericana.com.pe\/sudamericanav3\/wp-json\/wp\/v2\/comments?post=26"}],"version-history":[{"count":6,"href":"http:\/\/sudamericana.com.pe\/sudamericanav3\/wp-json\/wp\/v2\/pages\/26\/revisions"}],"predecessor-version":[{"id":1766,"href":"http:\/\/sudamericana.com.pe\/sudamericanav3\/wp-json\/wp\/v2\/pages\/26\/revisions\/1766"}],"wp:attachment":[{"href":"http:\/\/sudamericana.com.pe\/sudamericanav3\/wp-json\/wp\/v2\/media?parent=26"}],"curies":[{"name":"wp","href":"https:\/\/api.w.org\/{rel}","templated":true}]}}