{"id":438,"date":"2019-11-12T18:07:12","date_gmt":"2019-11-12T23:07:12","guid":{"rendered":"http:\/\/sudamericana.com.pe\/sudamericanav3\/?page_id=438"},"modified":"2025-11-20T15:42:13","modified_gmt":"2025-11-20T20:42:13","slug":"sucursal-los-olivos-importacion-y-distribucion-de-rodamientos","status":"publish","type":"page","link":"http:\/\/sudamericana.com.pe\/sudamericanav3\/sucursal-los-olivos-importacion-y-distribucion-de-rodamientos\/","title":{"rendered":"Sucursal Los Olivos"},"content":{"rendered":"\t\t<div data-elementor-type=\"wp-page\" data-elementor-id=\"438\" class=\"elementor elementor-438\">\n\t\t\t\t\t\t<section class=\"elementor-section elementor-top-section elementor-element elementor-element-c872d05 elementor-section-boxed elementor-section-height-default elementor-section-height-default\" data-id=\"c872d05\" data-element_type=\"section\">\n\t\t\t\t\t\t<div class=\"elementor-container elementor-column-gap-default\">\n\t\t\t\t\t<div class=\"elementor-column elementor-col-100 elementor-top-column elementor-element elementor-element-a07eec4\" data-id=\"a07eec4\" data-element_type=\"column\">\n\t\t\t<div class=\"elementor-widget-wrap elementor-element-populated\">\n\t\t\t\t\t\t<div class=\"elementor-element elementor-element-7db9398 elementor-widget elementor-widget-heading\" data-id=\"7db9398\" data-element_type=\"widget\" data-widget_type=\"heading.default\">\n\t\t\t\t<div class=\"elementor-widget-container\">\n\t\t\t\t\t<h2 class=\"elementor-heading-title elementor-size-default\">Importaci\u00f3n y distribuci\u00f3n de rodamientos en la Sucursal Los Olivos<\/h2>\t\t\t\t<\/div>\n\t\t\t\t<\/div>\n\t\t\t\t\t<\/div>\n\t\t<\/div>\n\t\t\t\t\t<\/div>\n\t\t<\/section>\n\t\t\t\t<section class=\"elementor-section elementor-top-section elementor-element elementor-element-d9b3dfb elementor-section-boxed elementor-section-height-default elementor-section-height-default\" data-id=\"d9b3dfb\" data-element_type=\"section\">\n\t\t\t\t\t\t<div class=\"elementor-container elementor-column-gap-default\">\n\t\t\t\t\t<div class=\"elementor-column elementor-col-50 elementor-top-column elementor-element elementor-element-b6c6117\" data-id=\"b6c6117\" data-element_type=\"column\">\n\t\t\t<div class=\"elementor-widget-wrap elementor-element-populated\">\n\t\t\t\t\t\t<div class=\"elementor-element elementor-element-3ad0c2a elementor-widget elementor-widget-text-editor\" data-id=\"3ad0c2a\" data-element_type=\"widget\" data-widget_type=\"text-editor.default\">\n\t\t\t\t<div class=\"elementor-widget-container\">\n\t\t\t\t\t\t\t\t\t<p>En nuestra sucursal de <strong data-start=\"147\" data-end=\"159\">Los Olivos<\/strong>\u00a0contamos con la infraestructura y el equipamiento necesarios para atender de manera oportuna las necesidades de su empresa. Ponemos a su disposici\u00f3n un completo portafolio de productos, que incluye rodamientos, rodajes, bearings, roller bearings, grasas industriales, cadenas de transmisi\u00f3n, retenes radiales y chumaceras. Nuestro equipo est\u00e1 preparado para ofrecerle asesor\u00eda personalizada y entregas inmediatas, asegurando que su operaci\u00f3n nunca se detenga.<\/p><p>Tambi\u00e9n puedes ver todas nuestras sucursales desde <a href=\"http:\/\/sudamericana.com.pe\/sudamericanav3\/sucursales\/\">aqu\u00ed.<\/a><\/p><p>Av. Alfredo Mendiola N\u00ba 3931 Los Olivos, Lima &#8211; Per\u00fa<br \/><i class=\"fa fa-phone\"><\/i>\u00a0(51-1) 627 5182<br \/><i class=\"fa fa-whatsapp\"><\/i> 955 540 322<br \/><i class=\"fa fa-envelope-o\"><\/i> olivos@sudamericana.com.pe<\/p>\t\t\t\t\t\t\t\t<\/div>\n\t\t\t\t<\/div>\n\t\t\t\t\t<\/div>\n\t\t<\/div>\n\t\t\t\t<div class=\"elementor-column elementor-col-50 elementor-top-column elementor-element elementor-element-9de1d42\" data-id=\"9de1d42\" data-element_type=\"column\">\n\t\t\t<div class=\"elementor-widget-wrap elementor-element-populated\">\n\t\t\t\t\t\t<div class=\"elementor-element elementor-element-9783c86 elementor-widget elementor-widget-image\" data-id=\"9783c86\" data-element_type=\"widget\" data-widget_type=\"image.default\">\n\t\t\t\t<div class=\"elementor-widget-container\">\n\t\t\t\t\t\t\t\t\t\t\t\t\t\t\t<img fetchpriority=\"high\" decoding=\"async\" width=\"720\" height=\"400\" src=\"http:\/\/sudamericana.com.pe\/sudamericanav3\/wp-content\/uploads\/2019\/11\/Losolivos720x400.png\" class=\"attachment-large size-large wp-image-500\" alt=\"\" srcset=\"http:\/\/sudamericana.com.pe\/sudamericanav3\/wp-content\/uploads\/2019\/11\/Losolivos720x400.png 720w, http:\/\/sudamericana.com.pe\/sudamericanav3\/wp-content\/uploads\/2019\/11\/Losolivos720x400-300x167.png 300w\" sizes=\"(max-width: 720px) 100vw, 720px\" \/>\t\t\t\t\t\t\t\t\t\t\t\t\t\t\t<\/div>\n\t\t\t\t<\/div>\n\t\t\t\t\t<\/div>\n\t\t<\/div>\n\t\t\t\t\t<\/div>\n\t\t<\/section>\n\t\t\t\t<section class=\"elementor-section elementor-top-section elementor-element elementor-element-3021ce3 elementor-section-boxed elementor-section-height-default elementor-section-height-default\" data-id=\"3021ce3\" data-element_type=\"section\">\n\t\t\t\t\t\t<div class=\"elementor-container elementor-column-gap-default\">\n\t\t\t\t\t<div class=\"elementor-column elementor-col-100 elementor-top-column elementor-element elementor-element-41898b9\" data-id=\"41898b9\" data-element_type=\"column\">\n\t\t\t<div class=\"elementor-widget-wrap elementor-element-populated\">\n\t\t\t\t\t\t<div class=\"elementor-element elementor-element-77ed060 elementor-widget elementor-widget-html\" data-id=\"77ed060\" data-element_type=\"widget\" data-widget_type=\"html.default\">\n\t\t\t\t<div class=\"elementor-widget-container\">\n\t\t\t\t\t<iframe src=\"https:\/\/www.google.com\/maps\/embed?pb=!1m18!1m12!1m3!1d3281.85604068353!2d-77.06700869687232!3d-11.987883442397173!2m3!1f0!2f0!3f0!3m2!1i1024!2i768!4f13.1!3m3!1m2!1s0x9105ce51cb50aea3%3A0xe36083e6873634f4!2sAv.%20Alfredo%20Mendiola%203931%2C%20Lima%2015301!5e0!3m2!1ses-419!2spe!4v1737046244999!5m2!1ses-419!2spe\" width=\"640\" height=\"480\"><\/iframe>\t\t\t\t<\/div>\n\t\t\t\t<\/div>\n\t\t\t\t\t<\/div>\n\t\t<\/div>\n\t\t\t\t\t<\/div>\n\t\t<\/section>\n\t\t\t\t<\/div>\n\t\t","protected":false},"excerpt":{"rendered":"<p>Visita nuestra sucursal de Los Olivos. Importaci\u00f3n y distribuci\u00f3n de rodamientos, grasas industriales, cadenas de transmisi\u00f3n, retenes radiales, chumaceras.<\/p>\n","protected":false},"author":1,"featured_media":497,"parent":0,"menu_order":0,"comment_status":"closed","ping_status":"closed","template":"","meta":{"om_disable_all_campaigns":false,"_monsterinsights_skip_tracking":false,"_monsterinsights_sitenote_active":false,"_monsterinsights_sitenote_note":"","_monsterinsights_sitenote_category":0,"ngg_post_thumbnail":0,"_joinchat":[],"footnotes":""},"class_list":["post-438","page","type-page","status-publish","has-post-thumbnail","hentry"],"yoast_head":"<!-- This site is optimized with the Yoast SEO plugin v19.5.1 - https:\/\/yoast.com\/wordpress\/plugins\/seo\/ -->\n<title>Sucursal Los Olivos - Sudamericana de Rodamientos S.A.C.<\/title>\n<meta name=\"description\" content=\"Visita nuestra sucursal de Los Olivos. Importaci\u00f3n y distribuci\u00f3n de rodamientos, grasas industriales, cadenas de transmisi\u00f3n, retenes radiales, chumaceras.\" \/>\n<meta name=\"robots\" content=\"index, follow, max-snippet:-1, max-image-preview:large, max-video-preview:-1\" \/>\n<link rel=\"canonical\" href=\"https:\/\/sudamericana.com.pe\/sudamericanav3\/sucursal-los-olivos-importacion-y-distribucion-de-rodamientos\/\" \/>\n<meta property=\"og:locale\" content=\"es_ES\" \/>\n<meta property=\"og:type\" content=\"article\" \/>\n<meta property=\"og:title\" content=\"Sucursal Los Olivos - Sudamericana de Rodamientos S.A.C.\" \/>\n<meta property=\"og:description\" content=\"Visita nuestra sucursal de Los Olivos. Importaci\u00f3n y distribuci\u00f3n de rodamientos, grasas industriales, cadenas de transmisi\u00f3n, retenes radiales, chumaceras.\" \/>\n<meta property=\"og:url\" content=\"https:\/\/sudamericana.com.pe\/sudamericanav3\/sucursal-los-olivos-importacion-y-distribucion-de-rodamientos\/\" \/>\n<meta property=\"og:site_name\" content=\"Sudamericana de Rodamientos S.A.C.\" \/>\n<meta property=\"article:publisher\" content=\"https:\/\/www.facebook.com\/a1111323232\" \/>\n<meta property=\"article:modified_time\" content=\"2025-11-20T20:42:13+00:00\" \/>\n<meta property=\"og:image\" content=\"https:\/\/sudamericana.com.pe\/sudamericanav3\/wp-content\/uploads\/2019\/11\/Losolivos.png\" \/>\n\t<meta property=\"og:image:width\" content=\"300\" \/>\n\t<meta property=\"og:image:height\" content=\"400\" \/>\n\t<meta property=\"og:image:type\" content=\"image\/png\" \/>\n<meta name=\"twitter:card\" content=\"summary_large_image\" \/>\n<meta name=\"twitter:label1\" content=\"Est. reading time\" \/>\n\t<meta name=\"twitter:data1\" content=\"1 minuto\" \/>\n<script type=\"application\/ld+json\" class=\"yoast-schema-graph\">{\"@context\":\"https:\/\/schema.org\",\"@graph\":[{\"@type\":\"WebPage\",\"@id\":\"https:\/\/sudamericana.com.pe\/sudamericanav3\/sucursal-los-olivos-importacion-y-distribucion-de-rodamientos\/\",\"url\":\"https:\/\/sudamericana.com.pe\/sudamericanav3\/sucursal-los-olivos-importacion-y-distribucion-de-rodamientos\/\",\"name\":\"Sucursal Los Olivos - Sudamericana de Rodamientos S.A.C.\",\"isPartOf\":{\"@id\":\"http:\/\/sudamericana.com.pe\/sudamericanav3\/#website\"},\"datePublished\":\"2019-11-12T23:07:12+00:00\",\"dateModified\":\"2025-11-20T20:42:13+00:00\",\"description\":\"Visita nuestra sucursal de Los Olivos. Importaci\u00f3n y distribuci\u00f3n de rodamientos, grasas industriales, cadenas de transmisi\u00f3n, retenes radiales, chumaceras.\",\"breadcrumb\":{\"@id\":\"https:\/\/sudamericana.com.pe\/sudamericanav3\/sucursal-los-olivos-importacion-y-distribucion-de-rodamientos\/#breadcrumb\"},\"inLanguage\":\"es-PE\",\"potentialAction\":[{\"@type\":\"ReadAction\",\"target\":[\"https:\/\/sudamericana.com.pe\/sudamericanav3\/sucursal-los-olivos-importacion-y-distribucion-de-rodamientos\/\"]}]},{\"@type\":\"BreadcrumbList\",\"@id\":\"https:\/\/sudamericana.com.pe\/sudamericanav3\/sucursal-los-olivos-importacion-y-distribucion-de-rodamientos\/#breadcrumb\",\"itemListElement\":[{\"@type\":\"ListItem\",\"position\":1,\"name\":\"Portada\",\"item\":\"http:\/\/sudamericana.com.pe\/sudamericanav3\/\"},{\"@type\":\"ListItem\",\"position\":2,\"name\":\"Sucursal Los Olivos\"}]},{\"@type\":\"WebSite\",\"@id\":\"http:\/\/sudamericana.com.pe\/sudamericanav3\/#website\",\"url\":\"http:\/\/sudamericana.com.pe\/sudamericanav3\/\",\"name\":\"Sudamericana de Rodamientos S.A.C.\",\"description\":\"Importadora y Distribuidora de Rodamientos\",\"publisher\":{\"@id\":\"http:\/\/sudamericana.com.pe\/sudamericanav3\/#organization\"},\"potentialAction\":[{\"@type\":\"SearchAction\",\"target\":{\"@type\":\"EntryPoint\",\"urlTemplate\":\"http:\/\/sudamericana.com.pe\/sudamericanav3\/?s={search_term_string}\"},\"query-input\":\"required name=search_term_string\"}],\"inLanguage\":\"es-PE\"},{\"@type\":\"Organization\",\"@id\":\"http:\/\/sudamericana.com.pe\/sudamericanav3\/#organization\",\"name\":\"Sudamericana de Rodamientos\",\"url\":\"http:\/\/sudamericana.com.pe\/sudamericanav3\/\",\"sameAs\":[\"https:\/\/www.facebook.com\/a1111323232\"],\"logo\":{\"@type\":\"ImageObject\",\"inLanguage\":\"es-PE\",\"@id\":\"http:\/\/sudamericana.com.pe\/sudamericanav3\/#\/schema\/logo\/image\/\",\"url\":\"http:\/\/sudamericana.com.pe\/sudamericanav3\/wp-content\/uploads\/2019\/09\/logo-e1593742988920.png\",\"contentUrl\":\"http:\/\/sudamericana.com.pe\/sudamericanav3\/wp-content\/uploads\/2019\/09\/logo-e1593742988920.png\",\"width\":642,\"height\":216,\"caption\":\"Sudamericana de Rodamientos\"},\"image\":{\"@id\":\"http:\/\/sudamericana.com.pe\/sudamericanav3\/#\/schema\/logo\/image\/\"}}]}<\/script>\n<!-- \/ Yoast SEO plugin. -->","yoast_head_json":{"title":"Sucursal Los Olivos - Sudamericana de Rodamientos S.A.C.","description":"Visita nuestra sucursal de Los Olivos. Importaci\u00f3n y distribuci\u00f3n de rodamientos, grasas industriales, cadenas de transmisi\u00f3n, retenes radiales, chumaceras.","robots":{"index":"index","follow":"follow","max-snippet":"max-snippet:-1","max-image-preview":"max-image-preview:large","max-video-preview":"max-video-preview:-1"},"canonical":"https:\/\/sudamericana.com.pe\/sudamericanav3\/sucursal-los-olivos-importacion-y-distribucion-de-rodamientos\/","og_locale":"es_ES","og_type":"article","og_title":"Sucursal Los Olivos - Sudamericana de Rodamientos S.A.C.","og_description":"Visita nuestra sucursal de Los Olivos. Importaci\u00f3n y distribuci\u00f3n de rodamientos, grasas industriales, cadenas de transmisi\u00f3n, retenes radiales, chumaceras.","og_url":"https:\/\/sudamericana.com.pe\/sudamericanav3\/sucursal-los-olivos-importacion-y-distribucion-de-rodamientos\/","og_site_name":"Sudamericana de Rodamientos S.A.C.","article_publisher":"https:\/\/www.facebook.com\/a1111323232","article_modified_time":"2025-11-20T20:42:13+00:00","og_image":[{"width":300,"height":400,"url":"https:\/\/sudamericana.com.pe\/sudamericanav3\/wp-content\/uploads\/2019\/11\/Losolivos.png","type":"image\/png"}],"twitter_card":"summary_large_image","twitter_misc":{"Est. reading time":"1 minuto"},"schema":{"@context":"https:\/\/schema.org","@graph":[{"@type":"WebPage","@id":"https:\/\/sudamericana.com.pe\/sudamericanav3\/sucursal-los-olivos-importacion-y-distribucion-de-rodamientos\/","url":"https:\/\/sudamericana.com.pe\/sudamericanav3\/sucursal-los-olivos-importacion-y-distribucion-de-rodamientos\/","name":"Sucursal Los Olivos - Sudamericana de Rodamientos S.A.C.","isPartOf":{"@id":"http:\/\/sudamericana.com.pe\/sudamericanav3\/#website"},"datePublished":"2019-11-12T23:07:12+00:00","dateModified":"2025-11-20T20:42:13+00:00","description":"Visita nuestra sucursal de Los Olivos. Importaci\u00f3n y distribuci\u00f3n de rodamientos, grasas industriales, cadenas de transmisi\u00f3n, retenes radiales, chumaceras.","breadcrumb":{"@id":"https:\/\/sudamericana.com.pe\/sudamericanav3\/sucursal-los-olivos-importacion-y-distribucion-de-rodamientos\/#breadcrumb"},"inLanguage":"es-PE","potentialAction":[{"@type":"ReadAction","target":["https:\/\/sudamericana.com.pe\/sudamericanav3\/sucursal-los-olivos-importacion-y-distribucion-de-rodamientos\/"]}]},{"@type":"BreadcrumbList","@id":"https:\/\/sudamericana.com.pe\/sudamericanav3\/sucursal-los-olivos-importacion-y-distribucion-de-rodamientos\/#breadcrumb","itemListElement":[{"@type":"ListItem","position":1,"name":"Portada","item":"http:\/\/sudamericana.com.pe\/sudamericanav3\/"},{"@type":"ListItem","position":2,"name":"Sucursal Los Olivos"}]},{"@type":"WebSite","@id":"http:\/\/sudamericana.com.pe\/sudamericanav3\/#website","url":"http:\/\/sudamericana.com.pe\/sudamericanav3\/","name":"Sudamericana de Rodamientos S.A.C.","description":"Importadora y Distribuidora de Rodamientos","publisher":{"@id":"http:\/\/sudamericana.com.pe\/sudamericanav3\/#organization"},"potentialAction":[{"@type":"SearchAction","target":{"@type":"EntryPoint","urlTemplate":"http:\/\/sudamericana.com.pe\/sudamericanav3\/?s={search_term_string}"},"query-input":"required name=search_term_string"}],"inLanguage":"es-PE"},{"@type":"Organization","@id":"http:\/\/sudamericana.com.pe\/sudamericanav3\/#organization","name":"Sudamericana de Rodamientos","url":"http:\/\/sudamericana.com.pe\/sudamericanav3\/","sameAs":["https:\/\/www.facebook.com\/a1111323232"],"logo":{"@type":"ImageObject","inLanguage":"es-PE","@id":"http:\/\/sudamericana.com.pe\/sudamericanav3\/#\/schema\/logo\/image\/","url":"http:\/\/sudamericana.com.pe\/sudamericanav3\/wp-content\/uploads\/2019\/09\/logo-e1593742988920.png","contentUrl":"http:\/\/sudamericana.com.pe\/sudamericanav3\/wp-content\/uploads\/2019\/09\/logo-e1593742988920.png","width":642,"height":216,"caption":"Sudamericana de Rodamientos"},"image":{"@id":"http:\/\/sudamericana.com.pe\/sudamericanav3\/#\/schema\/logo\/image\/"}}]}},"_links":{"self":[{"href":"http:\/\/sudamericana.com.pe\/sudamericanav3\/wp-json\/wp\/v2\/pages\/438","targetHints":{"allow":["GET"]}}],"collection":[{"href":"http:\/\/sudamericana.com.pe\/sudamericanav3\/wp-json\/wp\/v2\/pages"}],"about":[{"href":"http:\/\/sudamericana.com.pe\/sudamericanav3\/wp-json\/wp\/v2\/types\/page"}],"author":[{"embeddable":true,"href":"http:\/\/sudamericana.com.pe\/sudamericanav3\/wp-json\/wp\/v2\/users\/1"}],"replies":[{"embeddable":true,"href":"http:\/\/sudamericana.com.pe\/sudamericanav3\/wp-json\/wp\/v2\/comments?post=438"}],"version-history":[{"count":5,"href":"http:\/\/sudamericana.com.pe\/sudamericanav3\/wp-json\/wp\/v2\/pages\/438\/revisions"}],"predecessor-version":[{"id":2171,"href":"http:\/\/sudamericana.com.pe\/sudamericanav3\/wp-json\/wp\/v2\/pages\/438\/revisions\/2171"}],"wp:featuredmedia":[{"embeddable":true,"href":"http:\/\/sudamericana.com.pe\/sudamericanav3\/wp-json\/wp\/v2\/media\/497"}],"wp:attachment":[{"href":"http:\/\/sudamericana.com.pe\/sudamericanav3\/wp-json\/wp\/v2\/media?parent=438"}],"curies":[{"name":"wp","href":"https:\/\/api.w.org\/{rel}","templated":true}]}}