{"id":441,"date":"2019-11-12T18:07:13","date_gmt":"2019-11-12T23:07:13","guid":{"rendered":"http:\/\/sudamericana.com.pe\/sudamericanav3\/?page_id=441"},"modified":"2025-11-20T15:39:52","modified_gmt":"2025-11-20T20:39:52","slug":"sucursal-chiclayo-importacion-y-distribucion-de-rodamientos","status":"publish","type":"page","link":"http:\/\/sudamericana.com.pe\/sudamericanav3\/sucursal-chiclayo-importacion-y-distribucion-de-rodamientos\/","title":{"rendered":"Sucursal Chiclayo"},"content":{"rendered":"\t\t<div data-elementor-type=\"wp-page\" data-elementor-id=\"441\" class=\"elementor elementor-441\">\n\t\t\t\t\t\t<section class=\"elementor-section elementor-top-section elementor-element elementor-element-a16b0b2 elementor-section-boxed elementor-section-height-default elementor-section-height-default\" data-id=\"a16b0b2\" data-element_type=\"section\">\n\t\t\t\t\t\t<div class=\"elementor-container elementor-column-gap-default\">\n\t\t\t\t\t<div class=\"elementor-column elementor-col-100 elementor-top-column elementor-element elementor-element-5035bee\" data-id=\"5035bee\" data-element_type=\"column\">\n\t\t\t<div class=\"elementor-widget-wrap elementor-element-populated\">\n\t\t\t\t\t\t<div class=\"elementor-element elementor-element-544e10c elementor-widget elementor-widget-heading\" data-id=\"544e10c\" data-element_type=\"widget\" data-widget_type=\"heading.default\">\n\t\t\t\t<div class=\"elementor-widget-container\">\n\t\t\t\t\t<h2 class=\"elementor-heading-title elementor-size-default\">Importaci\u00f3n y distribuci\u00f3n de rodamientos en la Sucursal Chiclayo<\/h2>\t\t\t\t<\/div>\n\t\t\t\t<\/div>\n\t\t\t\t\t<\/div>\n\t\t<\/div>\n\t\t\t\t\t<\/div>\n\t\t<\/section>\n\t\t\t\t<section class=\"elementor-section elementor-top-section elementor-element elementor-element-2b00d61 elementor-section-boxed elementor-section-height-default elementor-section-height-default\" data-id=\"2b00d61\" data-element_type=\"section\">\n\t\t\t\t\t\t<div class=\"elementor-container elementor-column-gap-default\">\n\t\t\t\t\t<div class=\"elementor-column elementor-col-50 elementor-top-column elementor-element elementor-element-466a263\" data-id=\"466a263\" data-element_type=\"column\">\n\t\t\t<div class=\"elementor-widget-wrap elementor-element-populated\">\n\t\t\t\t\t\t<div class=\"elementor-element elementor-element-0aa9e50 elementor-widget elementor-widget-text-editor\" data-id=\"0aa9e50\" data-element_type=\"widget\" data-widget_type=\"text-editor.default\">\n\t\t\t\t<div class=\"elementor-widget-container\">\n\t\t\t\t\t\t\t\t\t<p>En nuestra sucursal de <strong data-start=\"147\" data-end=\"159\">Chiclayo<\/strong>\u00a0contamos con la infraestructura y el equipamiento necesarios para atender de manera oportuna las necesidades de su empresa. Ponemos a su disposici\u00f3n un completo portafolio de productos, que incluye rodamientos, rodajes, bearings, roller bearings, grasas industriales, cadenas de transmisi\u00f3n, retenes radiales y chumaceras. Nuestro equipo est\u00e1 preparado para ofrecerle asesor\u00eda personalizada y entregas inmediatas, asegurando que su operaci\u00f3n nunca se detenga.<\/p><p>Tambi\u00e9n puedes ver todas nuestras sucursales desde <a href=\"http:\/\/sudamericana.com.pe\/sudamericanav3\/sucursales\/\">aqu\u00ed.<\/a><\/p><p>Calle San isidro N\u00ba 118 Chiclayo, Chiclayo &#8211; Per\u00fa<br \/>(51-74) 471 392<br \/>955 540 318<br \/>chiclayo@sudamericana.com.pe<\/p>\t\t\t\t\t\t\t\t<\/div>\n\t\t\t\t<\/div>\n\t\t\t\t\t<\/div>\n\t\t<\/div>\n\t\t\t\t<div class=\"elementor-column elementor-col-50 elementor-top-column elementor-element elementor-element-204db05\" data-id=\"204db05\" data-element_type=\"column\">\n\t\t\t<div class=\"elementor-widget-wrap elementor-element-populated\">\n\t\t\t\t\t\t<div class=\"elementor-element elementor-element-6013c61 elementor-widget elementor-widget-image\" data-id=\"6013c61\" data-element_type=\"widget\" data-widget_type=\"image.default\">\n\t\t\t\t<div class=\"elementor-widget-container\">\n\t\t\t\t\t\t\t\t\t\t\t\t\t\t\t<img fetchpriority=\"high\" decoding=\"async\" width=\"738\" height=\"900\" src=\"http:\/\/sudamericana.com.pe\/sudamericanav3\/wp-content\/uploads\/2025\/05\/WhatsApp-Image-2025-05-17-at-14.23.25_87511de2-e1747749157416.jpg\" class=\"attachment-2048x2048 size-2048x2048 wp-image-1035\" alt=\"\" srcset=\"http:\/\/sudamericana.com.pe\/sudamericanav3\/wp-content\/uploads\/2025\/05\/WhatsApp-Image-2025-05-17-at-14.23.25_87511de2-e1747749157416.jpg 738w, http:\/\/sudamericana.com.pe\/sudamericanav3\/wp-content\/uploads\/2025\/05\/WhatsApp-Image-2025-05-17-at-14.23.25_87511de2-e1747749157416-246x300.jpg 246w\" sizes=\"(max-width: 738px) 100vw, 738px\" \/>\t\t\t\t\t\t\t\t\t\t\t\t\t\t\t<\/div>\n\t\t\t\t<\/div>\n\t\t\t\t\t<\/div>\n\t\t<\/div>\n\t\t\t\t\t<\/div>\n\t\t<\/section>\n\t\t\t\t<section class=\"elementor-section elementor-top-section elementor-element elementor-element-1b884ce elementor-section-boxed elementor-section-height-default elementor-section-height-default\" data-id=\"1b884ce\" data-element_type=\"section\">\n\t\t\t\t\t\t<div class=\"elementor-container elementor-column-gap-default\">\n\t\t\t\t\t<div class=\"elementor-column elementor-col-100 elementor-top-column elementor-element elementor-element-a67e5f6\" data-id=\"a67e5f6\" data-element_type=\"column\">\n\t\t\t<div class=\"elementor-widget-wrap elementor-element-populated\">\n\t\t\t\t\t\t<div class=\"elementor-element elementor-element-89da0c6 elementor-widget elementor-widget-html\" data-id=\"89da0c6\" data-element_type=\"widget\" data-widget_type=\"html.default\">\n\t\t\t\t<div class=\"elementor-widget-container\">\n\t\t\t\t\t<iframe src=\"https:\/\/www.google.com\/maps\/embed?pb=!1m18!1m12!1m3!1d1400.8035157522972!2d-79.84300252806864!3d-6.7612387129194715!2m3!1f0!2f0!3f0!3m2!1i1024!2i768!4f13.1!3m3!1m2!1s0x904ceedac9f6bba7%3A0xa526af278aa7f4c7!2sSan%20Isidro%20118%2C%20Jos%C3%A9%20Leonardo%20Ortiz%2014009!5e0!3m2!1ses-419!2spe!4v1737044651065!5m2!1ses-419!2spe\" width=\"640\" height=\"480\"><\/iframe>\t\t\t\t<\/div>\n\t\t\t\t<\/div>\n\t\t\t\t\t<\/div>\n\t\t<\/div>\n\t\t\t\t\t<\/div>\n\t\t<\/section>\n\t\t\t\t<\/div>\n\t\t","protected":false},"excerpt":{"rendered":"<p>Visita nuestra sucursal de Chiclayo. Importaci\u00f3n y distribuci\u00f3n de rodamientos, grasas industriales, cadenas de transmisi\u00f3n, retenes radiales, chumaceras.<\/p>\n","protected":false},"author":1,"featured_media":504,"parent":0,"menu_order":0,"comment_status":"closed","ping_status":"closed","template":"","meta":{"om_disable_all_campaigns":false,"_monsterinsights_skip_tracking":false,"_monsterinsights_sitenote_active":false,"_monsterinsights_sitenote_note":"","_monsterinsights_sitenote_category":0,"ngg_post_thumbnail":0,"_joinchat":[],"footnotes":""},"class_list":["post-441","page","type-page","status-publish","has-post-thumbnail","hentry"],"yoast_head":"<!-- This site is optimized with the Yoast SEO plugin v19.5.1 - https:\/\/yoast.com\/wordpress\/plugins\/seo\/ -->\n<title>Sucursal Chiclayo - Sudamericana de Rodamientos S.A.C.<\/title>\n<meta name=\"description\" content=\"Importaci\u00f3n y distribuci\u00f3n de rodamientos en nuestra Sucursal de Chiclayo. Grasas industriales, cadenas de transmisi\u00f3n, retenes radiales, chumaceras.\" \/>\n<meta name=\"robots\" content=\"index, follow, max-snippet:-1, max-image-preview:large, max-video-preview:-1\" \/>\n<link rel=\"canonical\" href=\"http:\/\/sudamericana.com.pe\/sudamericanav3\/sucursal-chiclayo-importacion-y-distribucion-de-rodamientos\/\" \/>\n<meta property=\"og:locale\" content=\"es_ES\" \/>\n<meta property=\"og:type\" content=\"article\" \/>\n<meta property=\"og:title\" content=\"Sucursal Chiclayo - Sudamericana de Rodamientos S.A.C.\" \/>\n<meta property=\"og:description\" content=\"Importaci\u00f3n y distribuci\u00f3n de rodamientos en nuestra Sucursal de Chiclayo. Grasas industriales, cadenas de transmisi\u00f3n, retenes radiales, chumaceras.\" \/>\n<meta property=\"og:url\" content=\"http:\/\/sudamericana.com.pe\/sudamericanav3\/sucursal-chiclayo-importacion-y-distribucion-de-rodamientos\/\" \/>\n<meta property=\"og:site_name\" content=\"Sudamericana de Rodamientos S.A.C.\" \/>\n<meta property=\"article:publisher\" content=\"https:\/\/www.facebook.com\/a1111323232\" \/>\n<meta property=\"article:modified_time\" content=\"2025-11-20T20:39:52+00:00\" \/>\n<meta property=\"og:image\" content=\"http:\/\/sudamericana.com.pe\/sudamericanav3\/wp-content\/uploads\/2019\/11\/Chiclayo.png\" \/>\n\t<meta property=\"og:image:width\" content=\"300\" \/>\n\t<meta property=\"og:image:height\" content=\"400\" \/>\n\t<meta property=\"og:image:type\" content=\"image\/png\" \/>\n<meta name=\"twitter:card\" content=\"summary_large_image\" \/>\n<meta name=\"twitter:label1\" content=\"Est. reading time\" \/>\n\t<meta name=\"twitter:data1\" content=\"1 minuto\" \/>\n<script type=\"application\/ld+json\" class=\"yoast-schema-graph\">{\"@context\":\"https:\/\/schema.org\",\"@graph\":[{\"@type\":\"WebPage\",\"@id\":\"http:\/\/sudamericana.com.pe\/sudamericanav3\/sucursal-chiclayo-importacion-y-distribucion-de-rodamientos\/\",\"url\":\"http:\/\/sudamericana.com.pe\/sudamericanav3\/sucursal-chiclayo-importacion-y-distribucion-de-rodamientos\/\",\"name\":\"Sucursal Chiclayo - Sudamericana de Rodamientos S.A.C.\",\"isPartOf\":{\"@id\":\"http:\/\/sudamericana.com.pe\/sudamericanav3\/#website\"},\"datePublished\":\"2019-11-12T23:07:13+00:00\",\"dateModified\":\"2025-11-20T20:39:52+00:00\",\"description\":\"Importaci\u00f3n y distribuci\u00f3n de rodamientos en nuestra Sucursal de Chiclayo. Grasas industriales, cadenas de transmisi\u00f3n, retenes radiales, chumaceras.\",\"breadcrumb\":{\"@id\":\"http:\/\/sudamericana.com.pe\/sudamericanav3\/sucursal-chiclayo-importacion-y-distribucion-de-rodamientos\/#breadcrumb\"},\"inLanguage\":\"es-PE\",\"potentialAction\":[{\"@type\":\"ReadAction\",\"target\":[\"http:\/\/sudamericana.com.pe\/sudamericanav3\/sucursal-chiclayo-importacion-y-distribucion-de-rodamientos\/\"]}]},{\"@type\":\"BreadcrumbList\",\"@id\":\"http:\/\/sudamericana.com.pe\/sudamericanav3\/sucursal-chiclayo-importacion-y-distribucion-de-rodamientos\/#breadcrumb\",\"itemListElement\":[{\"@type\":\"ListItem\",\"position\":1,\"name\":\"Portada\",\"item\":\"http:\/\/sudamericana.com.pe\/sudamericanav3\/\"},{\"@type\":\"ListItem\",\"position\":2,\"name\":\"Sucursal Chiclayo\"}]},{\"@type\":\"WebSite\",\"@id\":\"http:\/\/sudamericana.com.pe\/sudamericanav3\/#website\",\"url\":\"http:\/\/sudamericana.com.pe\/sudamericanav3\/\",\"name\":\"Sudamericana de Rodamientos S.A.C.\",\"description\":\"Importadora y Distribuidora de Rodamientos\",\"publisher\":{\"@id\":\"http:\/\/sudamericana.com.pe\/sudamericanav3\/#organization\"},\"potentialAction\":[{\"@type\":\"SearchAction\",\"target\":{\"@type\":\"EntryPoint\",\"urlTemplate\":\"http:\/\/sudamericana.com.pe\/sudamericanav3\/?s={search_term_string}\"},\"query-input\":\"required name=search_term_string\"}],\"inLanguage\":\"es-PE\"},{\"@type\":\"Organization\",\"@id\":\"http:\/\/sudamericana.com.pe\/sudamericanav3\/#organization\",\"name\":\"Sudamericana de Rodamientos\",\"url\":\"http:\/\/sudamericana.com.pe\/sudamericanav3\/\",\"sameAs\":[\"https:\/\/www.facebook.com\/a1111323232\"],\"logo\":{\"@type\":\"ImageObject\",\"inLanguage\":\"es-PE\",\"@id\":\"http:\/\/sudamericana.com.pe\/sudamericanav3\/#\/schema\/logo\/image\/\",\"url\":\"http:\/\/sudamericana.com.pe\/sudamericanav3\/wp-content\/uploads\/2019\/09\/logo-e1593742988920.png\",\"contentUrl\":\"http:\/\/sudamericana.com.pe\/sudamericanav3\/wp-content\/uploads\/2019\/09\/logo-e1593742988920.png\",\"width\":642,\"height\":216,\"caption\":\"Sudamericana de Rodamientos\"},\"image\":{\"@id\":\"http:\/\/sudamericana.com.pe\/sudamericanav3\/#\/schema\/logo\/image\/\"}}]}<\/script>\n<!-- \/ Yoast SEO plugin. -->","yoast_head_json":{"title":"Sucursal Chiclayo - Sudamericana de Rodamientos S.A.C.","description":"Importaci\u00f3n y distribuci\u00f3n de rodamientos en nuestra Sucursal de Chiclayo. Grasas industriales, cadenas de transmisi\u00f3n, retenes radiales, chumaceras.","robots":{"index":"index","follow":"follow","max-snippet":"max-snippet:-1","max-image-preview":"max-image-preview:large","max-video-preview":"max-video-preview:-1"},"canonical":"http:\/\/sudamericana.com.pe\/sudamericanav3\/sucursal-chiclayo-importacion-y-distribucion-de-rodamientos\/","og_locale":"es_ES","og_type":"article","og_title":"Sucursal Chiclayo - Sudamericana de Rodamientos S.A.C.","og_description":"Importaci\u00f3n y distribuci\u00f3n de rodamientos en nuestra Sucursal de Chiclayo. Grasas industriales, cadenas de transmisi\u00f3n, retenes radiales, chumaceras.","og_url":"http:\/\/sudamericana.com.pe\/sudamericanav3\/sucursal-chiclayo-importacion-y-distribucion-de-rodamientos\/","og_site_name":"Sudamericana de Rodamientos S.A.C.","article_publisher":"https:\/\/www.facebook.com\/a1111323232","article_modified_time":"2025-11-20T20:39:52+00:00","og_image":[{"width":300,"height":400,"url":"http:\/\/sudamericana.com.pe\/sudamericanav3\/wp-content\/uploads\/2019\/11\/Chiclayo.png","type":"image\/png"}],"twitter_card":"summary_large_image","twitter_misc":{"Est. reading time":"1 minuto"},"schema":{"@context":"https:\/\/schema.org","@graph":[{"@type":"WebPage","@id":"http:\/\/sudamericana.com.pe\/sudamericanav3\/sucursal-chiclayo-importacion-y-distribucion-de-rodamientos\/","url":"http:\/\/sudamericana.com.pe\/sudamericanav3\/sucursal-chiclayo-importacion-y-distribucion-de-rodamientos\/","name":"Sucursal Chiclayo - Sudamericana de Rodamientos S.A.C.","isPartOf":{"@id":"http:\/\/sudamericana.com.pe\/sudamericanav3\/#website"},"datePublished":"2019-11-12T23:07:13+00:00","dateModified":"2025-11-20T20:39:52+00:00","description":"Importaci\u00f3n y distribuci\u00f3n de rodamientos en nuestra Sucursal de Chiclayo. Grasas industriales, cadenas de transmisi\u00f3n, retenes radiales, chumaceras.","breadcrumb":{"@id":"http:\/\/sudamericana.com.pe\/sudamericanav3\/sucursal-chiclayo-importacion-y-distribucion-de-rodamientos\/#breadcrumb"},"inLanguage":"es-PE","potentialAction":[{"@type":"ReadAction","target":["http:\/\/sudamericana.com.pe\/sudamericanav3\/sucursal-chiclayo-importacion-y-distribucion-de-rodamientos\/"]}]},{"@type":"BreadcrumbList","@id":"http:\/\/sudamericana.com.pe\/sudamericanav3\/sucursal-chiclayo-importacion-y-distribucion-de-rodamientos\/#breadcrumb","itemListElement":[{"@type":"ListItem","position":1,"name":"Portada","item":"http:\/\/sudamericana.com.pe\/sudamericanav3\/"},{"@type":"ListItem","position":2,"name":"Sucursal Chiclayo"}]},{"@type":"WebSite","@id":"http:\/\/sudamericana.com.pe\/sudamericanav3\/#website","url":"http:\/\/sudamericana.com.pe\/sudamericanav3\/","name":"Sudamericana de Rodamientos S.A.C.","description":"Importadora y Distribuidora de Rodamientos","publisher":{"@id":"http:\/\/sudamericana.com.pe\/sudamericanav3\/#organization"},"potentialAction":[{"@type":"SearchAction","target":{"@type":"EntryPoint","urlTemplate":"http:\/\/sudamericana.com.pe\/sudamericanav3\/?s={search_term_string}"},"query-input":"required name=search_term_string"}],"inLanguage":"es-PE"},{"@type":"Organization","@id":"http:\/\/sudamericana.com.pe\/sudamericanav3\/#organization","name":"Sudamericana de Rodamientos","url":"http:\/\/sudamericana.com.pe\/sudamericanav3\/","sameAs":["https:\/\/www.facebook.com\/a1111323232"],"logo":{"@type":"ImageObject","inLanguage":"es-PE","@id":"http:\/\/sudamericana.com.pe\/sudamericanav3\/#\/schema\/logo\/image\/","url":"http:\/\/sudamericana.com.pe\/sudamericanav3\/wp-content\/uploads\/2019\/09\/logo-e1593742988920.png","contentUrl":"http:\/\/sudamericana.com.pe\/sudamericanav3\/wp-content\/uploads\/2019\/09\/logo-e1593742988920.png","width":642,"height":216,"caption":"Sudamericana de Rodamientos"},"image":{"@id":"http:\/\/sudamericana.com.pe\/sudamericanav3\/#\/schema\/logo\/image\/"}}]}},"_links":{"self":[{"href":"http:\/\/sudamericana.com.pe\/sudamericanav3\/wp-json\/wp\/v2\/pages\/441","targetHints":{"allow":["GET"]}}],"collection":[{"href":"http:\/\/sudamericana.com.pe\/sudamericanav3\/wp-json\/wp\/v2\/pages"}],"about":[{"href":"http:\/\/sudamericana.com.pe\/sudamericanav3\/wp-json\/wp\/v2\/types\/page"}],"author":[{"embeddable":true,"href":"http:\/\/sudamericana.com.pe\/sudamericanav3\/wp-json\/wp\/v2\/users\/1"}],"replies":[{"embeddable":true,"href":"http:\/\/sudamericana.com.pe\/sudamericanav3\/wp-json\/wp\/v2\/comments?post=441"}],"version-history":[{"count":5,"href":"http:\/\/sudamericana.com.pe\/sudamericanav3\/wp-json\/wp\/v2\/pages\/441\/revisions"}],"predecessor-version":[{"id":2165,"href":"http:\/\/sudamericana.com.pe\/sudamericanav3\/wp-json\/wp\/v2\/pages\/441\/revisions\/2165"}],"wp:featuredmedia":[{"embeddable":true,"href":"http:\/\/sudamericana.com.pe\/sudamericanav3\/wp-json\/wp\/v2\/media\/504"}],"wp:attachment":[{"href":"http:\/\/sudamericana.com.pe\/sudamericanav3\/wp-json\/wp\/v2\/media?parent=441"}],"curies":[{"name":"wp","href":"https:\/\/api.w.org\/{rel}","templated":true}]}}